{"id":16839,"date":"2025-11-18T11:02:28","date_gmt":"2025-11-18T11:02:28","guid":{"rendered":"https:\/\/zitromac.laperait.com\/poudre-decorce-dorange-deshydratee\/"},"modified":"2026-03-24T08:06:36","modified_gmt":"2026-03-24T08:06:36","slug":"poudre-decorce-dorange-deshydratee","status":"publish","type":"page","link":"https:\/\/zitromac.laperait.com\/fr\/produits\/poudre-de-fruits\/poudre-decorce-dorange-deshydratee\/","title":{"rendered":"POUDRE D&rsquo;\u00c9CORCE D&rsquo;ORANGE D\u00c9SHYDRAT\u00c9E"},"content":{"rendered":"\t\t<div data-elementor-type=\"wp-page\" data-elementor-id=\"16839\" class=\"elementor elementor-16839 elementor-1791\" data-elementor-post-type=\"page\">\n\t\t\t\t<div class=\"elementor-element elementor-element-20c3e6c e-flex e-con-boxed e-con e-parent\" data-id=\"20c3e6c\" data-element_type=\"container\" data-e-type=\"container\">\n\t\t\t\t\t<div class=\"e-con-inner\">\n\t\t<div class=\"elementor-element elementor-element-4dd84ab8 e-con-full e-flex e-con e-child\" data-id=\"4dd84ab8\" data-element_type=\"container\" data-e-type=\"container\">\n\t\t\t\t<div class=\"elementor-element elementor-element-cbb9a6f elementor-widget elementor-widget-image\" data-id=\"cbb9a6f\" data-element_type=\"widget\" data-e-type=\"widget\" data-widget_type=\"image.default\">\n\t\t\t\t\t\t\t\t\t\t\t\t\t\t\t<img fetchpriority=\"high\" decoding=\"async\" width=\"800\" height=\"800\" src=\"https:\/\/zitromac.laperait.com\/wp-content\/uploads\/2026\/03\/polvo-de-corteza-de-naranja-deshidratada.jpg\" class=\"attachment-large size-large wp-image-16840\" alt=\"\" srcset=\"https:\/\/zitromac.laperait.com\/wp-content\/uploads\/2026\/03\/polvo-de-corteza-de-naranja-deshidratada.jpg 1024w, https:\/\/zitromac.laperait.com\/wp-content\/uploads\/2026\/03\/polvo-de-corteza-de-naranja-deshidratada-300x300.jpg 300w, https:\/\/zitromac.laperait.com\/wp-content\/uploads\/2026\/03\/polvo-de-corteza-de-naranja-deshidratada-150x150.jpg 150w, https:\/\/zitromac.laperait.com\/wp-content\/uploads\/2026\/03\/polvo-de-corteza-de-naranja-deshidratada-768x768.jpg 768w\" sizes=\"(max-width: 800px) 100vw, 800px\" \/>\t\t\t\t\t\t\t\t\t\t\t\t\t\t\t<\/div>\n\t\t\t\t<\/div>\n\t\t<div class=\"elementor-element elementor-element-61b00057 e-con-full e-flex e-con e-child\" data-id=\"61b00057\" data-element_type=\"container\" data-e-type=\"container\">\n\t\t\t\t<div class=\"elementor-element elementor-element-79940c3c elementor-widget elementor-widget-text-editor\" data-id=\"79940c3c\" data-element_type=\"widget\" data-e-type=\"widget\" data-widget_type=\"text-editor.default\">\n\t\t\t\t\t\t\t\t\t<p>POUDRE D&rsquo;\u00c9CORCE D&rsquo;ORANGE D\u00c9SHYDRAT\u00c9E<\/p>\t\t\t\t\t\t\t\t<\/div>\n\t\t\t\t<div class=\"elementor-element elementor-element-7e34b5d7 elementor-widget elementor-widget-text-editor\" data-id=\"7e34b5d7\" data-element_type=\"widget\" data-e-type=\"widget\" data-widget_type=\"text-editor.default\">\n\t\t\t\t\t\t\t\t\t<p>La poudre d&rsquo;\u00e9corce d&rsquo;orange s\u00e9ch\u00e9e allie douceur et fra\u00eecheur avec des notes l\u00e9g\u00e8rement am\u00e8res. Il apporte une touche chaude et aromatique, id\u00e9ale pour les p\u00e2tisseries, les cocktails, les infusions ou les m\u00e9langes d&rsquo;\u00e9pices.<\/p><p> <\/p><p>Laissez libre cours \u00e0 votre cr\u00e9ativit\u00e9 !<\/p>\t\t\t\t\t\t\t\t<\/div>\n\t\t<div class=\"elementor-element elementor-element-873dd81 e-con-full e-flex e-con e-child\" data-id=\"873dd81\" data-element_type=\"container\" data-e-type=\"container\">\n\t\t<div class=\"elementor-element elementor-element-7962d2d e-con-full e-flex e-con e-child\" data-id=\"7962d2d\" data-element_type=\"container\" data-e-type=\"container\">\n\t\t<div class=\"elementor-element elementor-element-0290e0c e-con-full e-flex e-con e-child\" data-id=\"0290e0c\" data-element_type=\"container\" data-e-type=\"container\">\n\t\t\t\t<div class=\"elementor-element elementor-element-e80b721 elementor-widget elementor-widget-html\" data-id=\"e80b721\" data-element_type=\"widget\" data-e-type=\"widget\" data-widget_type=\"html.default\">\n\t\t\t\t\t<div class=\"buy-options\">\n\n  <a href=\"https:\/\/zitromac.laperait.com\/contacto\/\" class=\"buy-card buy-card--black\">\n    <div class=\"buy-card__info\">\n      <span class=\"buy-card__title\">Pot de 200g<\/span>\n      <span class=\"buy-card__units\"><\/span>\n    <\/div>\n    <span class=\"buy-card__cta\">Plus d'informations<\/span>\n  <\/a>\n\n<\/div>\t\t\t\t<\/div>\n\t\t\t\t<\/div>\n\t\t\t\t<\/div>\n\t\t\t\t<\/div>\n\t\t\t\t<\/div>\n\t\t\t\t\t<\/div>\n\t\t\t\t<\/div>\n\t\t<div class=\"elementor-element elementor-element-735cb1e5 e-flex e-con-boxed e-con e-parent\" data-id=\"735cb1e5\" data-element_type=\"container\" data-e-type=\"container\">\n\t\t\t\t\t<div class=\"e-con-inner\">\n\t\t<div class=\"elementor-element elementor-element-819b57c e-con-full e-flex e-con e-child\" data-id=\"819b57c\" data-element_type=\"container\" data-e-type=\"container\">\n\t\t<div class=\"elementor-element elementor-element-16feb48 e-con-full e-flex e-con e-child\" data-id=\"16feb48\" data-element_type=\"container\" data-e-type=\"container\">\n\t\t\t\t<div class=\"elementor-element elementor-element-177f9e0a elementor-widget__width-auto elementor-widget-tablet__width-initial elementor-widget elementor-widget-text-editor\" data-id=\"177f9e0a\" data-element_type=\"widget\" data-e-type=\"widget\" data-widget_type=\"text-editor.default\">\n\t\t\t\t\t\t\t\t\t<p>DESCRIPTION<\/p>\t\t\t\t\t\t\t\t<\/div>\n\t\t\t\t<div class=\"elementor-element elementor-element-56c20aa6 elementor-widget-divider--view-line elementor-widget elementor-widget-divider\" data-id=\"56c20aa6\" data-element_type=\"widget\" data-e-type=\"widget\" data-widget_type=\"divider.default\">\n\t\t\t\t\t\t\t<div class=\"elementor-divider\">\n\t\t\t<span class=\"elementor-divider-separator\">\n\t\t\t\t\t\t<\/span>\n\t\t<\/div>\n\t\t\t\t\t\t<\/div>\n\t\t\t\t<\/div>\n\t\t\t\t<div class=\"elementor-element elementor-element-5b389c6b elementor-widget elementor-widget-text-editor\" data-id=\"5b389c6b\" data-element_type=\"widget\" data-e-type=\"widget\" data-widget_type=\"text-editor.default\">\n\t\t\t\t\t\t\t\t\t<p>POUDRE D&rsquo;\u00c9CORCE D&rsquo;ORANGE D\u00c9HYDRATIQUE - Chez Zitromac, nous traitons avec soin les \u00e9corces d&rsquo;oranges s\u00e9lectionn\u00e9es, en les d\u00e9shydratant \u00e0 basse temp\u00e9rature pour pr\u00e9server leur ar\u00f4me naturel et leurs huiles essentielles. Une fois moulu, on obtient une poudre fine et uniforme, sans sucres ajout\u00e9s ni conservateurs.<\/p><p> <\/p><p>PRESENTATION - Poudre naturelle d&rsquo;\u00e9corce d&rsquo;orange. Ar\u00f4me et go\u00fbt authentiques avec une stabilit\u00e9 et un rendement \u00e9lev\u00e9s.<\/p><p> <\/p><p>COULEUR - Orange vif.<\/p><p> <\/p><p>CONSUMER PREFERENT - 12 mois<\/p><p> <\/p><p>SERVICE PARFAIT - Id\u00e9al pour les cocktails, les chocolats, les p\u00e2tisseries sucr\u00e9es, les cr\u00e8mes ou les th\u00e9s. Il rehausse les nuances d&rsquo;agrumes des gins, des rhums ou des desserts, et ajoute une couleur et un ar\u00f4me naturels \u00e0 toutes les pr\u00e9parations.<\/p><p> <\/p><p>ZITROMAC, ENTREPRISE - Zitromac est une entreprise innovante du secteur agroalimentaire qui se consacre \u00e0 la transformation de fruits de diff\u00e9rents formats et vari\u00e9t\u00e9s, n\u00e9e dans le but d&rsquo;\u00eatre un support pour le canal HORECA, pour l&rsquo;industrie et m\u00eame pour le consommateur final. Gr\u00e2ce au Centre national de technologie et de s\u00e9curit\u00e9 alimentaire (CNTA), nous avons d\u00e9velopp\u00e9 une ligne de R&amp;D pour lancer une s\u00e9rie de nouveaux produits sur le march\u00e9.<\/p><p> <\/p><p>ZITROMAC, PRODUITS - Zitromac propose six cat\u00e9gories de produits diff\u00e9rentes : Fruits s\u00e9ch\u00e9s, fruits lyophilis\u00e9s, poudre de fruits, fruits coup\u00e9s, perles et jus naturels. ZITROMAC, PRODUITS EN POUDRE - Les poudres comprennent : la poudre de framboise lyophilis\u00e9e, la poudre d&rsquo;\u00e9corce de citron d\u00e9shydrat\u00e9e et la poudre d&rsquo;\u00e9corce d&rsquo;orange d\u00e9shydrat\u00e9e que vous pouvez acheter sur Amazon.<\/p>\t\t\t\t\t\t\t\t<\/div>\n\t\t\t\t<\/div>\n\t\t<div class=\"elementor-element elementor-element-1c3de7b7 e-con-full e-flex e-con e-child\" data-id=\"1c3de7b7\" data-element_type=\"container\" data-e-type=\"container\">\n\t\t\t\t<div class=\"elementor-element elementor-element-75b06efb elementor-widget__width-initial elementor-widget-tablet__width-inherit elementor-widget elementor-widget-text-editor\" data-id=\"75b06efb\" data-element_type=\"widget\" data-e-type=\"widget\" data-widget_type=\"text-editor.default\">\n\t\t\t\t\t\t\t\t\t<p>PRODUITS APPARENT\u00c9S<\/p>\t\t\t\t\t\t\t\t<\/div>\n\t\t\t\t<div class=\"elementor-element elementor-element-6e64e282 elementor-hidden-tablet elementor-hidden-mobile elementor-widget-divider--view-line elementor-widget elementor-widget-divider\" data-id=\"6e64e282\" data-element_type=\"widget\" data-e-type=\"widget\" data-widget_type=\"divider.default\">\n\t\t\t\t\t\t\t<div class=\"elementor-divider\">\n\t\t\t<span class=\"elementor-divider-separator\">\n\t\t\t\t\t\t<\/span>\n\t\t<\/div>\n\t\t\t\t\t\t<\/div>\n\t\t\t\t<\/div>\n\t\t<div class=\"elementor-element elementor-element-d7427c8 e-con-full e-flex e-con e-child\" data-id=\"d7427c8\" data-element_type=\"container\" data-e-type=\"container\">\n\t\t\t\t<div class=\"elementor-element elementor-element-82b4c95 elementor-widget elementor-widget-shortcode\" data-id=\"82b4c95\" data-element_type=\"widget\" data-e-type=\"widget\" data-widget_type=\"shortcode.default\">\n\t\t\t\t\t\t\t<div class=\"elementor-shortcode\"><\/div>\n\t\t\t\t\t\t<\/div>\n\t\t\t\t<\/div>\n\t\t\t\t\t<\/div>\n\t\t\t\t<\/div>\n\t\t\t\t<\/div>\n\t\t","protected":false},"excerpt":{"rendered":"<p>POUDRE D&rsquo;\u00c9CORCE D&rsquo;ORANGE D\u00c9SHYDRAT\u00c9E La poudre d&rsquo;\u00e9corce d&rsquo;orange s\u00e9ch\u00e9e allie douceur et fra\u00eecheur avec des notes l\u00e9g\u00e8rement am\u00e8res. Il apporte une touche chaude et aromatique, id\u00e9ale pour les p\u00e2tisseries, les cocktails, les infusions ou les m\u00e9langes d&rsquo;\u00e9pices. Laissez libre cours \u00e0 votre cr\u00e9ativit\u00e9 ! Pot de 200g Plus d&rsquo;informations DESCRIPTION POUDRE D&rsquo;\u00c9CORCE D&rsquo;ORANGE D\u00c9HYDRATIQUE - [&hellip;]<\/p>\n","protected":false},"author":2,"featured_media":16840,"parent":17046,"menu_order":0,"comment_status":"closed","ping_status":"closed","template":"elementor_header_footer","meta":{"footnotes":""},"categories":[146],"class_list":["post-16839","page","type-page","status-publish","has-post-thumbnail","hentry","category-poudre-de-fruits"],"yoast_head":"<!-- This site is optimized with the Yoast SEO plugin v26.7 - https:\/\/yoast.com\/wordpress\/plugins\/seo\/ -->\n<title>POUDRE D&#039;\u00c9CORCE D&#039;ORANGE D\u00c9SHYDRAT\u00c9E% % - D\u00e9veloppement de Zitromac% D\u00e9veloppement de Zitromac%.<\/title>\n<meta name=\"robots\" content=\"index, follow, max-snippet:-1, max-image-preview:large, max-video-preview:-1\" \/>\n<link rel=\"canonical\" href=\"https:\/\/zitromac.laperait.com\/fr\/produits\/poudre-de-fruits\/poudre-decorce-dorange-deshydratee\/\" \/>\n<meta property=\"og:locale\" content=\"fr_FR\" \/>\n<meta property=\"og:type\" content=\"article\" \/>\n<meta property=\"og:title\" content=\"POUDRE D&#039;\u00c9CORCE D&#039;ORANGE D\u00c9SHYDRAT\u00c9E% % - D\u00e9veloppement de Zitromac% D\u00e9veloppement de Zitromac%.\" \/>\n<meta property=\"og:description\" content=\"POUDRE D&rsquo;\u00c9CORCE D&rsquo;ORANGE D\u00c9SHYDRAT\u00c9E La poudre d&rsquo;\u00e9corce d&rsquo;orange s\u00e9ch\u00e9e allie douceur et fra\u00eecheur avec des notes l\u00e9g\u00e8rement am\u00e8res. Il apporte une touche chaude et aromatique, id\u00e9ale pour les p\u00e2tisseries, les cocktails, les infusions ou les m\u00e9langes d&rsquo;\u00e9pices. Laissez libre cours \u00e0 votre cr\u00e9ativit\u00e9 ! Pot de 200g Plus d&rsquo;informations DESCRIPTION POUDRE D&rsquo;\u00c9CORCE D&rsquo;ORANGE D\u00c9HYDRATIQUE - [&hellip;]\" \/>\n<meta property=\"og:url\" content=\"https:\/\/zitromac.laperait.com\/fr\/produits\/poudre-de-fruits\/poudre-decorce-dorange-deshydratee\/\" \/>\n<meta property=\"og:site_name\" content=\"D\u00e9veloppement de Zitromac\" \/>\n<meta property=\"article:publisher\" content=\"https:\/\/www.facebook.com\/ZitromacSolucionesCitricas#\" \/>\n<meta property=\"article:modified_time\" content=\"2026-03-24T08:06:36+00:00\" \/>\n<meta property=\"og:image\" content=\"https:\/\/zitromac.laperait.com\/wp-content\/uploads\/2026\/03\/polvo-de-corteza-de-naranja-deshidratada.jpg\" \/>\n\t<meta property=\"og:image:width\" content=\"1024\" \/>\n\t<meta property=\"og:image:height\" content=\"1024\" \/>\n\t<meta property=\"og:image:type\" content=\"image\/jpeg\" \/>\n<meta name=\"twitter:card\" content=\"summary_large_image\" \/>\n<meta name=\"twitter:label1\" content=\"Dur\u00e9e de lecture estim\u00e9e\" \/>\n\t<meta name=\"twitter:data1\" content=\"2 minutes\" \/>\n<script type=\"application\/ld+json\" class=\"yoast-schema-graph\">{\"@context\":\"https:\/\/schema.org\",\"@graph\":[{\"@type\":\"WebPage\",\"@id\":\"https:\/\/zitromac.laperait.com\/fr\/produits\/poudre-de-fruits\/poudre-decorce-dorange-deshydratee\/\",\"url\":\"https:\/\/zitromac.laperait.com\/fr\/produits\/poudre-de-fruits\/poudre-decorce-dorange-deshydratee\/\",\"name\":\"POUDRE D'\u00c9CORCE D'ORANGE D\u00c9SHYDRAT\u00c9E% % - D\u00e9veloppement de Zitromac% D\u00e9veloppement de Zitromac%.\",\"isPartOf\":{\"@id\":\"https:\/\/zitromac.laperait.com\/fr\/#website\"},\"primaryImageOfPage\":{\"@id\":\"https:\/\/zitromac.laperait.com\/fr\/produits\/poudre-de-fruits\/poudre-decorce-dorange-deshydratee\/#primaryimage\"},\"image\":{\"@id\":\"https:\/\/zitromac.laperait.com\/fr\/produits\/poudre-de-fruits\/poudre-decorce-dorange-deshydratee\/#primaryimage\"},\"thumbnailUrl\":\"https:\/\/zitromac.laperait.com\/wp-content\/uploads\/2026\/03\/polvo-de-corteza-de-naranja-deshidratada.jpg\",\"datePublished\":\"2025-11-18T11:02:28+00:00\",\"dateModified\":\"2026-03-24T08:06:36+00:00\",\"breadcrumb\":{\"@id\":\"https:\/\/zitromac.laperait.com\/fr\/produits\/poudre-de-fruits\/poudre-decorce-dorange-deshydratee\/#breadcrumb\"},\"inLanguage\":\"fr-FR\",\"potentialAction\":[{\"@type\":\"ReadAction\",\"target\":[\"https:\/\/zitromac.laperait.com\/fr\/produits\/poudre-de-fruits\/poudre-decorce-dorange-deshydratee\/\"]}]},{\"@type\":\"ImageObject\",\"inLanguage\":\"fr-FR\",\"@id\":\"https:\/\/zitromac.laperait.com\/fr\/produits\/poudre-de-fruits\/poudre-decorce-dorange-deshydratee\/#primaryimage\",\"url\":\"https:\/\/zitromac.laperait.com\/wp-content\/uploads\/2026\/03\/polvo-de-corteza-de-naranja-deshidratada.jpg\",\"contentUrl\":\"https:\/\/zitromac.laperait.com\/wp-content\/uploads\/2026\/03\/polvo-de-corteza-de-naranja-deshidratada.jpg\",\"width\":1024,\"height\":1024},{\"@type\":\"BreadcrumbList\",\"@id\":\"https:\/\/zitromac.laperait.com\/fr\/produits\/poudre-de-fruits\/poudre-decorce-dorange-deshydratee\/#breadcrumb\",\"itemListElement\":[{\"@type\":\"ListItem\",\"position\":1,\"name\":\"Page d'accueil\",\"item\":\"https:\/\/zitromac.laperait.com\/fr\/\"},{\"@type\":\"ListItem\",\"position\":2,\"name\":\"Produits\",\"item\":\"https:\/\/zitromac.laperait.com\/fr\/productos\/\"},{\"@type\":\"ListItem\",\"position\":3,\"name\":\"Poudre de fruits\",\"item\":\"https:\/\/zitromac.laperait.com\/fr\/productos\/polvo-de-fruta\/\"},{\"@type\":\"ListItem\",\"position\":4,\"name\":\"POUDRE D&rsquo;\u00c9CORCE D&rsquo;ORANGE D\u00c9SHYDRAT\u00c9E\"}]},{\"@type\":\"WebSite\",\"@id\":\"https:\/\/zitromac.laperait.com\/fr\/#website\",\"url\":\"https:\/\/zitromac.laperait.com\/fr\/\",\"name\":\"Zitromac Desarrollo\",\"description\":\"\",\"publisher\":{\"@id\":\"https:\/\/zitromac.laperait.com\/fr\/#organization\"},\"potentialAction\":[{\"@type\":\"SearchAction\",\"target\":{\"@type\":\"EntryPoint\",\"urlTemplate\":\"https:\/\/zitromac.laperait.com\/fr\/?s={search_term_string}\"},\"query-input\":{\"@type\":\"PropertyValueSpecification\",\"valueRequired\":true,\"valueName\":\"search_term_string\"}}],\"inLanguage\":\"fr-FR\"},{\"@type\":\"Organization\",\"@id\":\"https:\/\/zitromac.laperait.com\/fr\/#organization\",\"name\":\"D\u00e9veloppement de Zitromac\",\"url\":\"https:\/\/zitromac.laperait.com\/fr\/\",\"logo\":{\"@type\":\"ImageObject\",\"inLanguage\":\"fr-FR\",\"@id\":\"https:\/\/zitromac.laperait.com\/fr\/#\/schema\/logo\/image\/\",\"url\":\"https:\/\/zitromac.laperait.com\/wp-content\/uploads\/2026\/01\/zitromac-logo-negro.png\",\"contentUrl\":\"https:\/\/zitromac.laperait.com\/wp-content\/uploads\/2026\/01\/zitromac-logo-negro.png\",\"width\":860,\"height\":199,\"caption\":\"D\u00e9veloppement de Zitromac\"},\"image\":{\"@id\":\"https:\/\/zitromac.laperait.com\/fr\/#\/schema\/logo\/image\/\"},\"sameAs\":[\"https:\/\/www.facebook.com\/ZitromacSolucionesCitricas#\",\"https:\/\/www.instagram.com\/zitromac_\/?hl=es\"]}]}<\/script>\n<!-- \/ Yoast SEO plugin. -->","yoast_head_json":{"title":"POUDRE D'\u00c9CORCE D'ORANGE D\u00c9SHYDRAT\u00c9E% % - D\u00e9veloppement de Zitromac% D\u00e9veloppement de Zitromac%.","robots":{"index":"index","follow":"follow","max-snippet":"max-snippet:-1","max-image-preview":"max-image-preview:large","max-video-preview":"max-video-preview:-1"},"canonical":"https:\/\/zitromac.laperait.com\/fr\/produits\/poudre-de-fruits\/poudre-decorce-dorange-deshydratee\/","og_locale":"fr_FR","og_type":"article","og_title":"POUDRE D'\u00c9CORCE D'ORANGE D\u00c9SHYDRAT\u00c9E% % - D\u00e9veloppement de Zitromac% D\u00e9veloppement de Zitromac%.","og_description":"POUDRE D&rsquo;\u00c9CORCE D&rsquo;ORANGE D\u00c9SHYDRAT\u00c9E La poudre d&rsquo;\u00e9corce d&rsquo;orange s\u00e9ch\u00e9e allie douceur et fra\u00eecheur avec des notes l\u00e9g\u00e8rement am\u00e8res. Il apporte une touche chaude et aromatique, id\u00e9ale pour les p\u00e2tisseries, les cocktails, les infusions ou les m\u00e9langes d&rsquo;\u00e9pices. Laissez libre cours \u00e0 votre cr\u00e9ativit\u00e9 ! Pot de 200g Plus d&rsquo;informations DESCRIPTION POUDRE D&rsquo;\u00c9CORCE D&rsquo;ORANGE D\u00c9HYDRATIQUE - [&hellip;]","og_url":"https:\/\/zitromac.laperait.com\/fr\/produits\/poudre-de-fruits\/poudre-decorce-dorange-deshydratee\/","og_site_name":"D\u00e9veloppement de Zitromac","article_publisher":"https:\/\/www.facebook.com\/ZitromacSolucionesCitricas#","article_modified_time":"2026-03-24T08:06:36+00:00","og_image":[{"width":1024,"height":1024,"url":"https:\/\/zitromac.laperait.com\/wp-content\/uploads\/2026\/03\/polvo-de-corteza-de-naranja-deshidratada.jpg","type":"image\/jpeg"}],"twitter_card":"summary_large_image","twitter_misc":{"Dur\u00e9e de lecture estim\u00e9e":"2 minutes"},"schema":{"@context":"https:\/\/schema.org","@graph":[{"@type":"WebPage","@id":"https:\/\/zitromac.laperait.com\/fr\/produits\/poudre-de-fruits\/poudre-decorce-dorange-deshydratee\/","url":"https:\/\/zitromac.laperait.com\/fr\/produits\/poudre-de-fruits\/poudre-decorce-dorange-deshydratee\/","name":"POUDRE D'\u00c9CORCE D'ORANGE D\u00c9SHYDRAT\u00c9E% % - D\u00e9veloppement de Zitromac% D\u00e9veloppement de Zitromac%.","isPartOf":{"@id":"https:\/\/zitromac.laperait.com\/fr\/#website"},"primaryImageOfPage":{"@id":"https:\/\/zitromac.laperait.com\/fr\/produits\/poudre-de-fruits\/poudre-decorce-dorange-deshydratee\/#primaryimage"},"image":{"@id":"https:\/\/zitromac.laperait.com\/fr\/produits\/poudre-de-fruits\/poudre-decorce-dorange-deshydratee\/#primaryimage"},"thumbnailUrl":"https:\/\/zitromac.laperait.com\/wp-content\/uploads\/2026\/03\/polvo-de-corteza-de-naranja-deshidratada.jpg","datePublished":"2025-11-18T11:02:28+00:00","dateModified":"2026-03-24T08:06:36+00:00","breadcrumb":{"@id":"https:\/\/zitromac.laperait.com\/fr\/produits\/poudre-de-fruits\/poudre-decorce-dorange-deshydratee\/#breadcrumb"},"inLanguage":"fr-FR","potentialAction":[{"@type":"ReadAction","target":["https:\/\/zitromac.laperait.com\/fr\/produits\/poudre-de-fruits\/poudre-decorce-dorange-deshydratee\/"]}]},{"@type":"ImageObject","inLanguage":"fr-FR","@id":"https:\/\/zitromac.laperait.com\/fr\/produits\/poudre-de-fruits\/poudre-decorce-dorange-deshydratee\/#primaryimage","url":"https:\/\/zitromac.laperait.com\/wp-content\/uploads\/2026\/03\/polvo-de-corteza-de-naranja-deshidratada.jpg","contentUrl":"https:\/\/zitromac.laperait.com\/wp-content\/uploads\/2026\/03\/polvo-de-corteza-de-naranja-deshidratada.jpg","width":1024,"height":1024},{"@type":"BreadcrumbList","@id":"https:\/\/zitromac.laperait.com\/fr\/produits\/poudre-de-fruits\/poudre-decorce-dorange-deshydratee\/#breadcrumb","itemListElement":[{"@type":"ListItem","position":1,"name":"Page d'accueil","item":"https:\/\/zitromac.laperait.com\/fr\/"},{"@type":"ListItem","position":2,"name":"Produits","item":"https:\/\/zitromac.laperait.com\/fr\/productos\/"},{"@type":"ListItem","position":3,"name":"Poudre de fruits","item":"https:\/\/zitromac.laperait.com\/fr\/productos\/polvo-de-fruta\/"},{"@type":"ListItem","position":4,"name":"POUDRE D&rsquo;\u00c9CORCE D&rsquo;ORANGE D\u00c9SHYDRAT\u00c9E"}]},{"@type":"WebSite","@id":"https:\/\/zitromac.laperait.com\/fr\/#website","url":"https:\/\/zitromac.laperait.com\/fr\/","name":"Zitromac Desarrollo","description":"","publisher":{"@id":"https:\/\/zitromac.laperait.com\/fr\/#organization"},"potentialAction":[{"@type":"SearchAction","target":{"@type":"EntryPoint","urlTemplate":"https:\/\/zitromac.laperait.com\/fr\/?s={search_term_string}"},"query-input":{"@type":"PropertyValueSpecification","valueRequired":true,"valueName":"search_term_string"}}],"inLanguage":"fr-FR"},{"@type":"Organization","@id":"https:\/\/zitromac.laperait.com\/fr\/#organization","name":"D\u00e9veloppement de Zitromac","url":"https:\/\/zitromac.laperait.com\/fr\/","logo":{"@type":"ImageObject","inLanguage":"fr-FR","@id":"https:\/\/zitromac.laperait.com\/fr\/#\/schema\/logo\/image\/","url":"https:\/\/zitromac.laperait.com\/wp-content\/uploads\/2026\/01\/zitromac-logo-negro.png","contentUrl":"https:\/\/zitromac.laperait.com\/wp-content\/uploads\/2026\/01\/zitromac-logo-negro.png","width":860,"height":199,"caption":"D\u00e9veloppement de Zitromac"},"image":{"@id":"https:\/\/zitromac.laperait.com\/fr\/#\/schema\/logo\/image\/"},"sameAs":["https:\/\/www.facebook.com\/ZitromacSolucionesCitricas#","https:\/\/www.instagram.com\/zitromac_\/?hl=es"]}]}},"_links":{"self":[{"href":"https:\/\/zitromac.laperait.com\/fr\/wp-json\/wp\/v2\/pages\/16839","targetHints":{"allow":["GET"]}}],"collection":[{"href":"https:\/\/zitromac.laperait.com\/fr\/wp-json\/wp\/v2\/pages"}],"about":[{"href":"https:\/\/zitromac.laperait.com\/fr\/wp-json\/wp\/v2\/types\/page"}],"author":[{"embeddable":true,"href":"https:\/\/zitromac.laperait.com\/fr\/wp-json\/wp\/v2\/users\/2"}],"replies":[{"embeddable":true,"href":"https:\/\/zitromac.laperait.com\/fr\/wp-json\/wp\/v2\/comments?post=16839"}],"version-history":[{"count":2,"href":"https:\/\/zitromac.laperait.com\/fr\/wp-json\/wp\/v2\/pages\/16839\/revisions"}],"predecessor-version":[{"id":16842,"href":"https:\/\/zitromac.laperait.com\/fr\/wp-json\/wp\/v2\/pages\/16839\/revisions\/16842"}],"up":[{"embeddable":true,"href":"https:\/\/zitromac.laperait.com\/fr\/wp-json\/wp\/v2\/pages\/17046"}],"wp:featuredmedia":[{"embeddable":true,"href":"https:\/\/zitromac.laperait.com\/fr\/wp-json\/wp\/v2\/media\/16840"}],"wp:attachment":[{"href":"https:\/\/zitromac.laperait.com\/fr\/wp-json\/wp\/v2\/media?parent=16839"}],"wp:term":[{"taxonomy":"category","embeddable":true,"href":"https:\/\/zitromac.laperait.com\/fr\/wp-json\/wp\/v2\/categories?post=16839"}],"curies":[{"name":"wp","href":"https:\/\/api.w.org\/{rel}","templated":true}]}}