{"id":17046,"date":"2025-10-29T13:03:36","date_gmt":"2025-10-29T13:03:36","guid":{"rendered":"https:\/\/zitromac.laperait.com\/poudre-de-fruits\/"},"modified":"2026-03-25T12:08:33","modified_gmt":"2026-03-25T12:08:33","slug":"poudre-de-fruits","status":"publish","type":"page","link":"https:\/\/zitromac.laperait.com\/fr\/produits\/poudre-de-fruits\/","title":{"rendered":"Poudre de fruits"},"content":{"rendered":"\t\t<div data-elementor-type=\"wp-page\" data-elementor-id=\"17046\" class=\"elementor elementor-17046 elementor-780\" data-elementor-post-type=\"page\">\n\t\t\t\t<div class=\"elementor-element elementor-element-2e4d6dcb e-flex e-con-boxed e-con e-parent\" data-id=\"2e4d6dcb\" data-element_type=\"container\" data-e-type=\"container\" data-settings=\"{&quot;background_background&quot;:&quot;classic&quot;}\">\n\t\t\t\t\t<div class=\"e-con-inner\">\n\t\t\t\t<div class=\"elementor-element elementor-element-aec9b90 elementor-widget elementor-widget-text-editor\" data-id=\"aec9b90\" data-element_type=\"widget\" data-e-type=\"widget\" data-widget_type=\"text-editor.default\">\n\t\t\t\t\t\t\t\t\t<p>POUDRE DE FRUITS<\/p>\t\t\t\t\t\t\t\t<\/div>\n\t\t\t\t<div class=\"elementor-element elementor-element-25b65d0e elementor-widget-divider--view-line elementor-widget elementor-widget-divider\" data-id=\"25b65d0e\" data-element_type=\"widget\" data-e-type=\"widget\" data-widget_type=\"divider.default\">\n\t\t\t\t\t\t\t<div class=\"elementor-divider\">\n\t\t\t<span class=\"elementor-divider-separator\">\n\t\t\t\t\t\t<\/span>\n\t\t<\/div>\n\t\t\t\t\t\t<\/div>\n\t\t\t\t<div class=\"elementor-element elementor-element-5913a98e elementor-widget__width-initial elementor-widget elementor-widget-text-editor\" data-id=\"5913a98e\" data-element_type=\"widget\" data-e-type=\"widget\" data-widget_type=\"text-editor.default\">\n\t\t\t\t\t\t\t\t\t<p>Chez Zitromac, nous sommes experts dans la production de poudre de fruits naturels, id\u00e9ale pour ajouter une couleur, une saveur et un ar\u00f4me intenses et stables \u00e0 vos cr\u00e9ations.<\/p>\t\t\t\t\t\t\t\t<\/div>\n\t\t\t\t\t<\/div>\n\t\t\t\t<\/div>\n\t\t<div class=\"elementor-element elementor-element-5be3cc39 e-flex e-con-boxed e-con e-parent\" data-id=\"5be3cc39\" data-element_type=\"container\" data-e-type=\"container\">\n\t\t\t\t\t<div class=\"e-con-inner\">\n\t\t<div class=\"elementor-element elementor-element-4d70081e e-con-full e-flex e-con e-child\" data-id=\"4d70081e\" data-element_type=\"container\" data-e-type=\"container\">\n\t\t<div class=\"elementor-element elementor-element-59d5f8b7 e-grid e-con-full e-con e-child\" data-id=\"59d5f8b7\" data-element_type=\"container\" data-e-type=\"container\">\n\t\t<div class=\"elementor-element elementor-element-185cb8e7 e-con-full e-flex e-con e-child\" data-id=\"185cb8e7\" data-element_type=\"container\" data-e-type=\"container\">\n\t\t<div class=\"elementor-element elementor-element-69f63d0b e-con-full e-flex e-con e-child\" data-id=\"69f63d0b\" data-element_type=\"container\" data-e-type=\"container\" data-settings=\"{&quot;background_background&quot;:&quot;classic&quot;}\">\n\t\t\t\t<div class=\"elementor-element elementor-element-7666f1aa elementor-align-center elementor-widget elementor-widget-button\" data-id=\"7666f1aa\" data-element_type=\"widget\" data-e-type=\"widget\" data-widget_type=\"button.default\">\n\t\t\t\t\t\t\t\t\t\t<a class=\"elementor-button elementor-button-link elementor-size-sm\" href=\"https:\/\/zitromac.laperait.com\/fr\/produits\/poudre-de-fruits\/poudre-de-framboise-lyophilisee\/\">\n\t\t\t\t\t\t<span class=\"elementor-button-content-wrapper\">\n\t\t\t\t\t\t\t\t\t<span class=\"elementor-button-text\">VOIR LE PRODUIT<\/span>\n\t\t\t\t\t<\/span>\n\t\t\t\t\t<\/a>\n\t\t\t\t\t\t\t\t<\/div>\n\t\t\t\t<\/div>\n\t\t\t\t<div class=\"elementor-element elementor-element-718da00a elementor-widget__width-initial elementor-widget elementor-widget-text-editor\" data-id=\"718da00a\" data-element_type=\"widget\" data-e-type=\"widget\" data-widget_type=\"text-editor.default\">\n\t\t\t\t\t\t\t\t\t<p>POUDRE DE FRAMBOISE LYOPHILIS\u00c9E<\/p>\t\t\t\t\t\t\t\t<\/div>\n\t\t\t\t<\/div>\n\t\t<div class=\"elementor-element elementor-element-3401bfb4 e-con-full e-flex e-con e-child\" data-id=\"3401bfb4\" data-element_type=\"container\" data-e-type=\"container\">\n\t\t<div class=\"elementor-element elementor-element-6615aac0 e-con-full e-flex e-con e-child\" data-id=\"6615aac0\" data-element_type=\"container\" data-e-type=\"container\" data-settings=\"{&quot;background_background&quot;:&quot;classic&quot;}\">\n\t\t\t\t<div class=\"elementor-element elementor-element-63f8dea1 elementor-align-center elementor-widget elementor-widget-button\" data-id=\"63f8dea1\" data-element_type=\"widget\" data-e-type=\"widget\" data-widget_type=\"button.default\">\n\t\t\t\t\t\t\t\t\t\t<a class=\"elementor-button elementor-button-link elementor-size-sm\" href=\"https:\/\/zitromac.laperait.com\/fr\/produits\/poudre-de-fruits\/poudre-de-zeste-de-citron-deshydrate\/\">\n\t\t\t\t\t\t<span class=\"elementor-button-content-wrapper\">\n\t\t\t\t\t\t\t\t\t<span class=\"elementor-button-text\">VOIR LE PRODUIT<\/span>\n\t\t\t\t\t<\/span>\n\t\t\t\t\t<\/a>\n\t\t\t\t\t\t\t\t<\/div>\n\t\t\t\t<\/div>\n\t\t\t\t<div class=\"elementor-element elementor-element-7a641685 elementor-widget__width-initial elementor-widget elementor-widget-text-editor\" data-id=\"7a641685\" data-element_type=\"widget\" data-e-type=\"widget\" data-widget_type=\"text-editor.default\">\n\t\t\t\t\t\t\t\t\t<p>POUDRE DE ZESTE DE CITRON D\u00c9SHYDRAT\u00c9<\/p>\t\t\t\t\t\t\t\t<\/div>\n\t\t\t\t<\/div>\n\t\t<div class=\"elementor-element elementor-element-453d3361 e-con-full e-flex e-con e-child\" data-id=\"453d3361\" data-element_type=\"container\" data-e-type=\"container\">\n\t\t<div class=\"elementor-element elementor-element-54824ee2 e-con-full e-flex e-con e-child\" data-id=\"54824ee2\" data-element_type=\"container\" data-e-type=\"container\" data-settings=\"{&quot;background_background&quot;:&quot;classic&quot;}\">\n\t\t\t\t<div class=\"elementor-element elementor-element-7b003d04 elementor-align-center elementor-widget elementor-widget-button\" data-id=\"7b003d04\" data-element_type=\"widget\" data-e-type=\"widget\" data-widget_type=\"button.default\">\n\t\t\t\t\t\t\t\t\t\t<a class=\"elementor-button elementor-button-link elementor-size-sm\" href=\"https:\/\/zitromac.laperait.com\/fr\/produits\/poudre-de-fruits\/poudre-decorce-dorange-deshydratee\/\">\n\t\t\t\t\t\t<span class=\"elementor-button-content-wrapper\">\n\t\t\t\t\t\t\t\t\t<span class=\"elementor-button-text\">VOIR LE PRODUIT<\/span>\n\t\t\t\t\t<\/span>\n\t\t\t\t\t<\/a>\n\t\t\t\t\t\t\t\t<\/div>\n\t\t\t\t<\/div>\n\t\t\t\t<div class=\"elementor-element elementor-element-7b17d83d elementor-widget__width-initial elementor-widget elementor-widget-text-editor\" data-id=\"7b17d83d\" data-element_type=\"widget\" data-e-type=\"widget\" data-widget_type=\"text-editor.default\">\n\t\t\t\t\t\t\t\t\t<p>POUDRE D&rsquo;\u00c9CORCE D&rsquo;ORANGE D\u00c9SHYDRAT\u00c9E<\/p>\t\t\t\t\t\t\t\t<\/div>\n\t\t\t\t<\/div>\n\t\t\t\t<\/div>\n\t\t\t\t<div class=\"elementor-element elementor-element-a0165f7 elementor-widget-divider--view-line elementor-widget elementor-widget-divider\" data-id=\"a0165f7\" data-element_type=\"widget\" data-e-type=\"widget\" data-widget_type=\"divider.default\">\n\t\t\t\t\t\t\t<div class=\"elementor-divider\">\n\t\t\t<span class=\"elementor-divider-separator\">\n\t\t\t\t\t\t<\/span>\n\t\t<\/div>\n\t\t\t\t\t\t<\/div>\n\t\t<div class=\"elementor-element elementor-element-ff12341 e-con-full e-flex e-con e-child\" data-id=\"ff12341\" data-element_type=\"container\" data-e-type=\"container\">\n\t\t<div class=\"elementor-element elementor-element-dba834a e-con-full e-flex e-con e-child\" data-id=\"dba834a\" data-element_type=\"container\" data-e-type=\"container\">\n\t\t\t\t<div class=\"elementor-element elementor-element-59f7d886 elementor-widget__width-initial elementor-widget elementor-widget-text-editor\" data-id=\"59f7d886\" data-element_type=\"widget\" data-e-type=\"widget\" data-widget_type=\"text-editor.default\">\n\t\t\t\t\t\t\t\t\t<p>Nos poudres de fruits sont obtenues par des proc\u00e9d\u00e9s de lyophilisation ou de d\u00e9shydratation qui pr\u00e9servent les propri\u00e9t\u00e9s originales du produit, offrant une alternative polyvalente pour les cocktails, les confiseries, les infusions ou la cuisine cr\u00e9ative. Parfait pour saupoudrer, m\u00e9langer ou infuser : un ingr\u00e9dient pratique, propre et 100% naturel qui rehausse la pr\u00e9sentation et la saveur de toute pr\u00e9paration.<\/p>\t\t\t\t\t\t\t\t<\/div>\n\t\t\t\t<\/div>\n\t\t\t\t<\/div>\n\t\t\t\t<div class=\"elementor-element elementor-element-40c7f7d elementor-widget-divider--view-line elementor-widget elementor-widget-divider\" data-id=\"40c7f7d\" data-element_type=\"widget\" data-e-type=\"widget\" data-widget_type=\"divider.default\">\n\t\t\t\t\t\t\t<div class=\"elementor-divider\">\n\t\t\t<span class=\"elementor-divider-separator\">\n\t\t\t\t\t\t<\/span>\n\t\t<\/div>\n\t\t\t\t\t\t<\/div>\n\t\t<div class=\"elementor-element elementor-element-edefc9d e-con-full e-flex e-con e-child\" data-id=\"edefc9d\" data-element_type=\"container\" data-e-type=\"container\">\n\t\t<div class=\"elementor-element elementor-element-27d7bb7 e-con-full e-flex e-con e-child\" data-id=\"27d7bb7\" data-element_type=\"container\" data-e-type=\"container\">\n\t\t\t\t<div class=\"elementor-element elementor-element-2f51f999 elementor-widget__width-initial elementor-widget elementor-widget-text-editor\" data-id=\"2f51f999\" data-element_type=\"widget\" data-e-type=\"widget\" data-widget_type=\"text-editor.default\">\n\t\t\t\t\t\t\t\t\t<p>QUELLE EST L&rsquo;UTILIT\u00c9 DE LA POUDRE DE FRUITS ?<\/p>\t\t\t\t\t\t\t\t<\/div>\n\t\t\t\t<div class=\"elementor-element elementor-element-5cf8aba7 elementor-widget__width-initial elementor-widget elementor-widget-text-editor\" data-id=\"5cf8aba7\" data-element_type=\"widget\" data-e-type=\"widget\" data-widget_type=\"text-editor.default\">\n\t\t\t\t\t\t\t\t\t<p>La poudre de fruits est un ingr\u00e9dient polyvalent et naturel qui permet d&rsquo;incorporer la saveur, la couleur et l&rsquo;ar\u00f4me des fruits dans n&rsquo;importe quelle pr\u00e9paration sans avoir \u00e0 utiliser de fruits frais. Il est tr\u00e8s utile dans les cocktails, les confiseries ou les m\u00e9langes industriels gr\u00e2ce \u00e0 sa texture l\u00e9g\u00e8re, son dosage facile et sa longue dur\u00e9e de conservation.<\/p>\t\t\t\t\t\t\t\t<\/div>\n\t\t\t\t<\/div>\n\t\t\t\t<\/div>\n\t\t<div class=\"elementor-element elementor-element-0ccbfb5 e-con-full e-flex e-con e-child\" data-id=\"0ccbfb5\" data-element_type=\"container\" data-e-type=\"container\">\n\t\t<div class=\"elementor-element elementor-element-2ba80edc e-grid e-con-full e-con e-child\" data-id=\"2ba80edc\" data-element_type=\"container\" data-e-type=\"container\">\n\t\t<div class=\"elementor-element elementor-element-1885f6f7 e-con-full e-flex e-con e-child\" data-id=\"1885f6f7\" data-element_type=\"container\" data-e-type=\"container\">\n\t\t\t\t<div class=\"elementor-element elementor-element-591685ae elementor-widget__width-initial elementor-widget elementor-widget-text-editor\" data-id=\"591685ae\" data-element_type=\"widget\" data-e-type=\"widget\" data-widget_type=\"text-editor.default\">\n\t\t\t\t\t\t\t\t\t<p>COCKTAILS ET BOISSONS<\/p>\t\t\t\t\t\t\t\t<\/div>\n\t\t\t\t<div class=\"elementor-element elementor-element-6a092beb elementor-widget__width-initial elementor-widget elementor-widget-text-editor\" data-id=\"6a092beb\" data-element_type=\"widget\" data-e-type=\"widget\" data-widget_type=\"text-editor.default\">\n\t\t\t\t\t\t\t\t\t<p>La poudre de fruits peut \u00eatre utilis\u00e9e pour aromatiser et colorer facilement des cocktails ou des boissons m\u00e9lang\u00e9es.<\/p>\t\t\t\t\t\t\t\t<\/div>\n\t\t\t\t<\/div>\n\t\t<div class=\"elementor-element elementor-element-3a900ff5 e-con-full e-flex e-con e-child\" data-id=\"3a900ff5\" data-element_type=\"container\" data-e-type=\"container\">\n\t\t\t\t<div class=\"elementor-element elementor-element-72c00748 elementor-widget__width-initial elementor-widget elementor-widget-text-editor\" data-id=\"72c00748\" data-element_type=\"widget\" data-e-type=\"widget\" data-widget_type=\"text-editor.default\">\n\t\t\t\t\t\t\t\t\t<p>P\u00c2TISSERIE CR\u00c9ATIVE<\/p>\t\t\t\t\t\t\t\t<\/div>\n\t\t\t\t<div class=\"elementor-element elementor-element-4b6562e8 elementor-widget__width-initial elementor-widget elementor-widget-text-editor\" data-id=\"4b6562e8\" data-element_type=\"widget\" data-e-type=\"widget\" data-widget_type=\"text-editor.default\">\n\t\t\t\t\t\t\t\t\t<p>Id\u00e9al pour ajouter de la couleur et de la saveur aux g\u00e2teaux et autres desserts sans alt\u00e9rer la texture des pr\u00e9parations.<\/p>\t\t\t\t\t\t\t\t<\/div>\n\t\t\t\t<\/div>\n\t\t<div class=\"elementor-element elementor-element-10163bb7 e-con-full e-flex e-con e-child\" data-id=\"10163bb7\" data-element_type=\"container\" data-e-type=\"container\">\n\t\t\t\t<div class=\"elementor-element elementor-element-57f78a90 elementor-widget__width-initial elementor-widget elementor-widget-text-editor\" data-id=\"57f78a90\" data-element_type=\"widget\" data-e-type=\"widget\" data-widget_type=\"text-editor.default\">\n\t\t\t\t\t\t\t\t\t<p>M\u00c9LANGES ET SAUCES<\/p>\t\t\t\t\t\t\t\t<\/div>\n\t\t\t\t<div class=\"elementor-element elementor-element-72a2638 elementor-widget__width-initial elementor-widget elementor-widget-text-editor\" data-id=\"72a2638\" data-element_type=\"widget\" data-e-type=\"widget\" data-widget_type=\"text-editor.default\">\n\t\t\t\t\t\t\t\t\t<p>Gr\u00e2ce \u00e0 sa facilit\u00e9 de dissolution, la poudre de fruits peut \u00eatre incorpor\u00e9e dans des sauces, des vinaigrettes, des confitures ou des vinaigrettes, en apportant des nuances de go\u00fbt naturelles.<\/p>\t\t\t\t\t\t\t\t<\/div>\n\t\t\t\t<\/div>\n\t\t<div class=\"elementor-element elementor-element-56207b25 e-con-full e-flex e-con e-child\" data-id=\"56207b25\" data-element_type=\"container\" data-e-type=\"container\">\n\t\t\t\t<div class=\"elementor-element elementor-element-1fc1385b elementor-widget__width-initial elementor-widget elementor-widget-text-editor\" data-id=\"1fc1385b\" data-element_type=\"widget\" data-e-type=\"widget\" data-widget_type=\"text-editor.default\">\n\t\t\t\t\t\t\t\t\t<p>D\u00c9CORATION ET FINITIONS<\/p>\t\t\t\t\t\t\t\t<\/div>\n\t\t\t\t<div class=\"elementor-element elementor-element-1e147a2b elementor-widget__width-initial elementor-widget elementor-widget-text-editor\" data-id=\"1e147a2b\" data-element_type=\"widget\" data-e-type=\"widget\" data-widget_type=\"text-editor.default\">\n\t\t\t\t\t\t\t\t\t<p>Parfait pour saupoudrer les desserts, les g\u00e2teaux ou les cocktails. Sa texture fine et sa couleur intense permettent des pr\u00e9sentations propres et professionnelles, sans humidit\u00e9 ni r\u00e9sidus.<\/p>\t\t\t\t\t\t\t\t<\/div>\n\t\t\t\t<\/div>\n\t\t\t\t<\/div>\n\t\t\t\t<\/div>\n\t\t\t\t<\/div>\n\t\t\t\t<div class=\"elementor-element elementor-element-6b00ce5 elementor-widget-divider--view-line elementor-widget elementor-widget-divider\" data-id=\"6b00ce5\" data-element_type=\"widget\" data-e-type=\"widget\" data-widget_type=\"divider.default\">\n\t\t\t\t\t\t\t<div class=\"elementor-divider\">\n\t\t\t<span class=\"elementor-divider-separator\">\n\t\t\t\t\t\t<\/span>\n\t\t<\/div>\n\t\t\t\t\t\t<\/div>\n\t\t\t\t\t<\/div>\n\t\t\t\t<\/div>\n\t\t\t\t<\/div>\n\t\t","protected":false},"excerpt":{"rendered":"<p>POUDRE DE FRUITS Chez Zitromac, nous sommes experts dans la production de poudre de fruits naturels, id\u00e9ale pour ajouter une couleur, une saveur et un ar\u00f4me intenses et stables \u00e0 vos cr\u00e9ations. VOIR LE PRODUIT POUDRE DE FRAMBOISE LYOPHILIS\u00c9E VOIR LE PRODUIT POUDRE DE ZESTE DE CITRON D\u00c9SHYDRAT\u00c9 VOIR LE PRODUIT POUDRE D&rsquo;\u00c9CORCE D&rsquo;ORANGE D\u00c9SHYDRAT\u00c9E [&hellip;]<\/p>\n","protected":false},"author":1,"featured_media":0,"parent":17176,"menu_order":0,"comment_status":"closed","ping_status":"closed","template":"elementor_header_footer","meta":{"footnotes":""},"categories":[],"class_list":["post-17046","page","type-page","status-publish","hentry"],"yoast_head":"<!-- This site is optimized with the Yoast SEO plugin v26.7 - https:\/\/yoast.com\/wordpress\/plugins\/seo\/ -->\n<title>Poudre de fruits% % - D\u00e9veloppement de Zitromac% D\u00e9veloppement de Zitromac%.<\/title>\n<meta name=\"robots\" content=\"index, follow, max-snippet:-1, max-image-preview:large, max-video-preview:-1\" \/>\n<link rel=\"canonical\" href=\"https:\/\/zitromac.laperait.com\/fr\/produits\/poudre-de-fruits\/\" \/>\n<meta property=\"og:locale\" content=\"fr_FR\" \/>\n<meta property=\"og:type\" content=\"article\" \/>\n<meta property=\"og:title\" content=\"Poudre de fruits% % - D\u00e9veloppement de Zitromac% D\u00e9veloppement de Zitromac%.\" \/>\n<meta property=\"og:description\" content=\"POUDRE DE FRUITS Chez Zitromac, nous sommes experts dans la production de poudre de fruits naturels, id\u00e9ale pour ajouter une couleur, une saveur et un ar\u00f4me intenses et stables \u00e0 vos cr\u00e9ations. VOIR LE PRODUIT POUDRE DE FRAMBOISE LYOPHILIS\u00c9E VOIR LE PRODUIT POUDRE DE ZESTE DE CITRON D\u00c9SHYDRAT\u00c9 VOIR LE PRODUIT POUDRE D&rsquo;\u00c9CORCE D&rsquo;ORANGE D\u00c9SHYDRAT\u00c9E [&hellip;]\" \/>\n<meta property=\"og:url\" content=\"https:\/\/zitromac.laperait.com\/fr\/produits\/poudre-de-fruits\/\" \/>\n<meta property=\"og:site_name\" content=\"D\u00e9veloppement de Zitromac\" \/>\n<meta property=\"article:publisher\" content=\"https:\/\/www.facebook.com\/ZitromacSolucionesCitricas#\" \/>\n<meta property=\"article:modified_time\" content=\"2026-03-25T12:08:33+00:00\" \/>\n<meta name=\"twitter:card\" content=\"summary_large_image\" \/>\n<meta name=\"twitter:label1\" content=\"Dur\u00e9e de lecture estim\u00e9e\" \/>\n\t<meta name=\"twitter:data1\" content=\"2 minutes\" \/>\n<script type=\"application\/ld+json\" class=\"yoast-schema-graph\">{\"@context\":\"https:\/\/schema.org\",\"@graph\":[{\"@type\":\"WebPage\",\"@id\":\"https:\/\/zitromac.laperait.com\/fr\/produits\/poudre-de-fruits\/\",\"url\":\"https:\/\/zitromac.laperait.com\/fr\/produits\/poudre-de-fruits\/\",\"name\":\"Poudre de fruits% % - D\u00e9veloppement de Zitromac% D\u00e9veloppement de Zitromac%.\",\"isPartOf\":{\"@id\":\"https:\/\/zitromac.laperait.com\/fr\/#website\"},\"datePublished\":\"2025-10-29T13:03:36+00:00\",\"dateModified\":\"2026-03-25T12:08:33+00:00\",\"breadcrumb\":{\"@id\":\"https:\/\/zitromac.laperait.com\/fr\/produits\/poudre-de-fruits\/#breadcrumb\"},\"inLanguage\":\"fr-FR\",\"potentialAction\":[{\"@type\":\"ReadAction\",\"target\":[\"https:\/\/zitromac.laperait.com\/fr\/produits\/poudre-de-fruits\/\"]}]},{\"@type\":\"BreadcrumbList\",\"@id\":\"https:\/\/zitromac.laperait.com\/fr\/produits\/poudre-de-fruits\/#breadcrumb\",\"itemListElement\":[{\"@type\":\"ListItem\",\"position\":1,\"name\":\"Page d'accueil\",\"item\":\"https:\/\/zitromac.laperait.com\/fr\/\"},{\"@type\":\"ListItem\",\"position\":2,\"name\":\"Produits\",\"item\":\"https:\/\/zitromac.laperait.com\/fr\/productos\/\"},{\"@type\":\"ListItem\",\"position\":3,\"name\":\"Poudre de fruits\"}]},{\"@type\":\"WebSite\",\"@id\":\"https:\/\/zitromac.laperait.com\/fr\/#website\",\"url\":\"https:\/\/zitromac.laperait.com\/fr\/\",\"name\":\"Zitromac Desarrollo\",\"description\":\"\",\"publisher\":{\"@id\":\"https:\/\/zitromac.laperait.com\/fr\/#organization\"},\"potentialAction\":[{\"@type\":\"SearchAction\",\"target\":{\"@type\":\"EntryPoint\",\"urlTemplate\":\"https:\/\/zitromac.laperait.com\/fr\/?s={search_term_string}\"},\"query-input\":{\"@type\":\"PropertyValueSpecification\",\"valueRequired\":true,\"valueName\":\"search_term_string\"}}],\"inLanguage\":\"fr-FR\"},{\"@type\":\"Organization\",\"@id\":\"https:\/\/zitromac.laperait.com\/fr\/#organization\",\"name\":\"D\u00e9veloppement de Zitromac\",\"url\":\"https:\/\/zitromac.laperait.com\/fr\/\",\"logo\":{\"@type\":\"ImageObject\",\"inLanguage\":\"fr-FR\",\"@id\":\"https:\/\/zitromac.laperait.com\/fr\/#\/schema\/logo\/image\/\",\"url\":\"https:\/\/zitromac.laperait.com\/wp-content\/uploads\/2026\/01\/zitromac-logo-negro.png\",\"contentUrl\":\"https:\/\/zitromac.laperait.com\/wp-content\/uploads\/2026\/01\/zitromac-logo-negro.png\",\"width\":860,\"height\":199,\"caption\":\"D\u00e9veloppement de Zitromac\"},\"image\":{\"@id\":\"https:\/\/zitromac.laperait.com\/fr\/#\/schema\/logo\/image\/\"},\"sameAs\":[\"https:\/\/www.facebook.com\/ZitromacSolucionesCitricas#\",\"https:\/\/www.instagram.com\/zitromac_\/?hl=es\"]}]}<\/script>\n<!-- \/ Yoast SEO plugin. -->","yoast_head_json":{"title":"Poudre de fruits% % - D\u00e9veloppement de Zitromac% D\u00e9veloppement de Zitromac%.","robots":{"index":"index","follow":"follow","max-snippet":"max-snippet:-1","max-image-preview":"max-image-preview:large","max-video-preview":"max-video-preview:-1"},"canonical":"https:\/\/zitromac.laperait.com\/fr\/produits\/poudre-de-fruits\/","og_locale":"fr_FR","og_type":"article","og_title":"Poudre de fruits% % - D\u00e9veloppement de Zitromac% D\u00e9veloppement de Zitromac%.","og_description":"POUDRE DE FRUITS Chez Zitromac, nous sommes experts dans la production de poudre de fruits naturels, id\u00e9ale pour ajouter une couleur, une saveur et un ar\u00f4me intenses et stables \u00e0 vos cr\u00e9ations. VOIR LE PRODUIT POUDRE DE FRAMBOISE LYOPHILIS\u00c9E VOIR LE PRODUIT POUDRE DE ZESTE DE CITRON D\u00c9SHYDRAT\u00c9 VOIR LE PRODUIT POUDRE D&rsquo;\u00c9CORCE D&rsquo;ORANGE D\u00c9SHYDRAT\u00c9E [&hellip;]","og_url":"https:\/\/zitromac.laperait.com\/fr\/produits\/poudre-de-fruits\/","og_site_name":"D\u00e9veloppement de Zitromac","article_publisher":"https:\/\/www.facebook.com\/ZitromacSolucionesCitricas#","article_modified_time":"2026-03-25T12:08:33+00:00","twitter_card":"summary_large_image","twitter_misc":{"Dur\u00e9e de lecture estim\u00e9e":"2 minutes"},"schema":{"@context":"https:\/\/schema.org","@graph":[{"@type":"WebPage","@id":"https:\/\/zitromac.laperait.com\/fr\/produits\/poudre-de-fruits\/","url":"https:\/\/zitromac.laperait.com\/fr\/produits\/poudre-de-fruits\/","name":"Poudre de fruits% % - D\u00e9veloppement de Zitromac% D\u00e9veloppement de Zitromac%.","isPartOf":{"@id":"https:\/\/zitromac.laperait.com\/fr\/#website"},"datePublished":"2025-10-29T13:03:36+00:00","dateModified":"2026-03-25T12:08:33+00:00","breadcrumb":{"@id":"https:\/\/zitromac.laperait.com\/fr\/produits\/poudre-de-fruits\/#breadcrumb"},"inLanguage":"fr-FR","potentialAction":[{"@type":"ReadAction","target":["https:\/\/zitromac.laperait.com\/fr\/produits\/poudre-de-fruits\/"]}]},{"@type":"BreadcrumbList","@id":"https:\/\/zitromac.laperait.com\/fr\/produits\/poudre-de-fruits\/#breadcrumb","itemListElement":[{"@type":"ListItem","position":1,"name":"Page d'accueil","item":"https:\/\/zitromac.laperait.com\/fr\/"},{"@type":"ListItem","position":2,"name":"Produits","item":"https:\/\/zitromac.laperait.com\/fr\/productos\/"},{"@type":"ListItem","position":3,"name":"Poudre de fruits"}]},{"@type":"WebSite","@id":"https:\/\/zitromac.laperait.com\/fr\/#website","url":"https:\/\/zitromac.laperait.com\/fr\/","name":"Zitromac Desarrollo","description":"","publisher":{"@id":"https:\/\/zitromac.laperait.com\/fr\/#organization"},"potentialAction":[{"@type":"SearchAction","target":{"@type":"EntryPoint","urlTemplate":"https:\/\/zitromac.laperait.com\/fr\/?s={search_term_string}"},"query-input":{"@type":"PropertyValueSpecification","valueRequired":true,"valueName":"search_term_string"}}],"inLanguage":"fr-FR"},{"@type":"Organization","@id":"https:\/\/zitromac.laperait.com\/fr\/#organization","name":"D\u00e9veloppement de Zitromac","url":"https:\/\/zitromac.laperait.com\/fr\/","logo":{"@type":"ImageObject","inLanguage":"fr-FR","@id":"https:\/\/zitromac.laperait.com\/fr\/#\/schema\/logo\/image\/","url":"https:\/\/zitromac.laperait.com\/wp-content\/uploads\/2026\/01\/zitromac-logo-negro.png","contentUrl":"https:\/\/zitromac.laperait.com\/wp-content\/uploads\/2026\/01\/zitromac-logo-negro.png","width":860,"height":199,"caption":"D\u00e9veloppement de Zitromac"},"image":{"@id":"https:\/\/zitromac.laperait.com\/fr\/#\/schema\/logo\/image\/"},"sameAs":["https:\/\/www.facebook.com\/ZitromacSolucionesCitricas#","https:\/\/www.instagram.com\/zitromac_\/?hl=es"]}]}},"_links":{"self":[{"href":"https:\/\/zitromac.laperait.com\/fr\/wp-json\/wp\/v2\/pages\/17046","targetHints":{"allow":["GET"]}}],"collection":[{"href":"https:\/\/zitromac.laperait.com\/fr\/wp-json\/wp\/v2\/pages"}],"about":[{"href":"https:\/\/zitromac.laperait.com\/fr\/wp-json\/wp\/v2\/types\/page"}],"author":[{"embeddable":true,"href":"https:\/\/zitromac.laperait.com\/fr\/wp-json\/wp\/v2\/users\/1"}],"replies":[{"embeddable":true,"href":"https:\/\/zitromac.laperait.com\/fr\/wp-json\/wp\/v2\/comments?post=17046"}],"version-history":[{"count":5,"href":"https:\/\/zitromac.laperait.com\/fr\/wp-json\/wp\/v2\/pages\/17046\/revisions"}],"predecessor-version":[{"id":17711,"href":"https:\/\/zitromac.laperait.com\/fr\/wp-json\/wp\/v2\/pages\/17046\/revisions\/17711"}],"up":[{"embeddable":true,"href":"https:\/\/zitromac.laperait.com\/fr\/wp-json\/wp\/v2\/pages\/17176"}],"wp:attachment":[{"href":"https:\/\/zitromac.laperait.com\/fr\/wp-json\/wp\/v2\/media?parent=17046"}],"wp:term":[{"taxonomy":"category","embeddable":true,"href":"https:\/\/zitromac.laperait.com\/fr\/wp-json\/wp\/v2\/categories?post=17046"}],"curies":[{"name":"wp","href":"https:\/\/api.w.org\/{rel}","templated":true}]}}