{"id":17348,"date":"2025-10-29T15:01:51","date_gmt":"2025-10-29T15:01:51","guid":{"rendered":"https:\/\/zitromac.laperait.com\/produits\/jus-naturels\/"},"modified":"2026-03-25T12:09:12","modified_gmt":"2026-03-25T12:09:12","slug":"jus-naturels","status":"publish","type":"page","link":"https:\/\/zitromac.laperait.com\/fr\/produits\/jus-naturels\/","title":{"rendered":"Jus naturels"},"content":{"rendered":"\t\t<div data-elementor-type=\"wp-page\" data-elementor-id=\"17348\" class=\"elementor elementor-17348 elementor-813\" data-elementor-post-type=\"page\">\n\t\t\t\t<div class=\"elementor-element elementor-element-2e03b1f4 e-flex e-con-boxed e-con e-parent\" data-id=\"2e03b1f4\" data-element_type=\"container\" data-e-type=\"container\" data-settings=\"{&quot;background_background&quot;:&quot;classic&quot;}\">\n\t\t\t\t\t<div class=\"e-con-inner\">\n\t\t\t\t<div class=\"elementor-element elementor-element-4dbc4b65 elementor-widget elementor-widget-text-editor\" data-id=\"4dbc4b65\" data-element_type=\"widget\" data-e-type=\"widget\" data-widget_type=\"text-editor.default\">\n\t\t\t\t\t\t\t\t\t<p>JUICES NATURELS<\/p>\t\t\t\t\t\t\t\t<\/div>\n\t\t\t\t<div class=\"elementor-element elementor-element-30f25519 elementor-widget-divider--view-line elementor-widget elementor-widget-divider\" data-id=\"30f25519\" data-element_type=\"widget\" data-e-type=\"widget\" data-widget_type=\"divider.default\">\n\t\t\t\t\t\t\t<div class=\"elementor-divider\">\n\t\t\t<span class=\"elementor-divider-separator\">\n\t\t\t\t\t\t<\/span>\n\t\t<\/div>\n\t\t\t\t\t\t<\/div>\n\t\t\t\t<div class=\"elementor-element elementor-element-1289b7cb elementor-widget__width-initial elementor-widget elementor-widget-text-editor\" data-id=\"1289b7cb\" data-element_type=\"widget\" data-e-type=\"widget\" data-widget_type=\"text-editor.default\">\n\t\t\t\t\t\t\t\t\t<p>Nous proposons des jus naturels d&rsquo;ORANGE, de CITRON, de CITRON, de CITRON et de GRAPEFRUIT. Elles sont id\u00e9ales pour les cocktails et la cuisine.<\/p>\t\t\t\t\t\t\t\t<\/div>\n\t\t\t\t\t<\/div>\n\t\t\t\t<\/div>\n\t\t<div class=\"elementor-element elementor-element-313daa3c e-flex e-con-boxed e-con e-parent\" data-id=\"313daa3c\" data-element_type=\"container\" data-e-type=\"container\">\n\t\t\t\t\t<div class=\"e-con-inner\">\n\t\t\t\t<div class=\"elementor-element elementor-element-55c9db7 elementor-widget elementor-widget-spacer\" data-id=\"55c9db7\" data-element_type=\"widget\" data-e-type=\"widget\" data-widget_type=\"spacer.default\">\n\t\t\t\t\t\t\t<div class=\"elementor-spacer\">\n\t\t\t<div class=\"elementor-spacer-inner\"><\/div>\n\t\t<\/div>\n\t\t\t\t\t\t<\/div>\n\t\t<div class=\"elementor-element elementor-element-3a9bae04 e-con-full e-flex e-con e-child\" data-id=\"3a9bae04\" data-element_type=\"container\" data-e-type=\"container\">\n\t\t<div class=\"elementor-element elementor-element-273e32f6 e-grid e-con-full e-con e-child\" data-id=\"273e32f6\" data-element_type=\"container\" data-e-type=\"container\">\n\t\t<div class=\"elementor-element elementor-element-4d5c9d6f e-con-full e-flex e-con e-child\" data-id=\"4d5c9d6f\" data-element_type=\"container\" data-e-type=\"container\">\n\t\t<div class=\"elementor-element elementor-element-71cfcd64 e-con-full e-flex e-con e-child\" data-id=\"71cfcd64\" data-element_type=\"container\" data-e-type=\"container\" data-settings=\"{&quot;background_background&quot;:&quot;classic&quot;}\">\n\t\t\t\t<div class=\"elementor-element elementor-element-78bbefb1 elementor-align-center elementor-widget elementor-widget-button\" data-id=\"78bbefb1\" data-element_type=\"widget\" data-e-type=\"widget\" data-widget_type=\"button.default\">\n\t\t\t\t\t\t\t\t\t\t<a class=\"elementor-button elementor-button-link elementor-size-sm\" href=\"https:\/\/zitromac.laperait.com\/fr\/produits\/jus-naturels\/jus-de-citron\/\">\n\t\t\t\t\t\t<span class=\"elementor-button-content-wrapper\">\n\t\t\t\t\t\t\t\t\t<span class=\"elementor-button-text\">VOIR LE PRODUIT<\/span>\n\t\t\t\t\t<\/span>\n\t\t\t\t\t<\/a>\n\t\t\t\t\t\t\t\t<\/div>\n\t\t\t\t<\/div>\n\t\t\t\t<div class=\"elementor-element elementor-element-553ef972 elementor-widget__width-initial elementor-widget elementor-widget-text-editor\" data-id=\"553ef972\" data-element_type=\"widget\" data-e-type=\"widget\" data-widget_type=\"text-editor.default\">\n\t\t\t\t\t\t\t\t\t<p>JUS DE CITRON<\/p>\t\t\t\t\t\t\t\t<\/div>\n\t\t\t\t<\/div>\n\t\t<div class=\"elementor-element elementor-element-4e491698 e-con-full e-flex e-con e-child\" data-id=\"4e491698\" data-element_type=\"container\" data-e-type=\"container\">\n\t\t<div class=\"elementor-element elementor-element-fd3b966 e-con-full e-flex e-con e-child\" data-id=\"fd3b966\" data-element_type=\"container\" data-e-type=\"container\" data-settings=\"{&quot;background_background&quot;:&quot;classic&quot;}\">\n\t\t\t\t<div class=\"elementor-element elementor-element-194e8433 elementor-align-center elementor-widget elementor-widget-button\" data-id=\"194e8433\" data-element_type=\"widget\" data-e-type=\"widget\" data-widget_type=\"button.default\">\n\t\t\t\t\t\t\t\t\t\t<a class=\"elementor-button elementor-button-link elementor-size-sm\" href=\"https:\/\/zitromac.laperait.com\/fr\/produits\/jus-naturels\/jus-dorange\/\">\n\t\t\t\t\t\t<span class=\"elementor-button-content-wrapper\">\n\t\t\t\t\t\t\t\t\t<span class=\"elementor-button-text\">VOIR LE PRODUIT<\/span>\n\t\t\t\t\t<\/span>\n\t\t\t\t\t<\/a>\n\t\t\t\t\t\t\t\t<\/div>\n\t\t\t\t<\/div>\n\t\t\t\t<div class=\"elementor-element elementor-element-158f2ead elementor-widget__width-initial elementor-widget elementor-widget-text-editor\" data-id=\"158f2ead\" data-element_type=\"widget\" data-e-type=\"widget\" data-widget_type=\"text-editor.default\">\n\t\t\t\t\t\t\t\t\t<p>JUS D&rsquo;ORANGE<\/p>\t\t\t\t\t\t\t\t<\/div>\n\t\t\t\t<\/div>\n\t\t<div class=\"elementor-element elementor-element-1aa222f3 e-con-full e-flex e-con e-child\" data-id=\"1aa222f3\" data-element_type=\"container\" data-e-type=\"container\">\n\t\t<div class=\"elementor-element elementor-element-7218c637 e-con-full e-flex e-con e-child\" data-id=\"7218c637\" data-element_type=\"container\" data-e-type=\"container\" data-settings=\"{&quot;background_background&quot;:&quot;classic&quot;}\">\n\t\t\t\t<div class=\"elementor-element elementor-element-3b89ebc8 elementor-align-center elementor-widget elementor-widget-button\" data-id=\"3b89ebc8\" data-element_type=\"widget\" data-e-type=\"widget\" data-widget_type=\"button.default\">\n\t\t\t\t\t\t\t\t\t\t<a class=\"elementor-button elementor-button-link elementor-size-sm\" href=\"https:\/\/zitromac.laperait.com\/fr\/produits\/jus-naturels\/jus-de-lima\/\">\n\t\t\t\t\t\t<span class=\"elementor-button-content-wrapper\">\n\t\t\t\t\t\t\t\t\t<span class=\"elementor-button-text\">VOIR LE PRODUIT<\/span>\n\t\t\t\t\t<\/span>\n\t\t\t\t\t<\/a>\n\t\t\t\t\t\t\t\t<\/div>\n\t\t\t\t<\/div>\n\t\t\t\t<div class=\"elementor-element elementor-element-7577ad66 elementor-widget__width-initial elementor-widget elementor-widget-text-editor\" data-id=\"7577ad66\" data-element_type=\"widget\" data-e-type=\"widget\" data-widget_type=\"text-editor.default\">\n\t\t\t\t\t\t\t\t\t<p>JUS DE LIMA<\/p>\t\t\t\t\t\t\t\t<\/div>\n\t\t\t\t<\/div>\n\t\t<div class=\"elementor-element elementor-element-af4e57e e-con-full e-flex e-con e-child\" data-id=\"af4e57e\" data-element_type=\"container\" data-e-type=\"container\">\n\t\t<div class=\"elementor-element elementor-element-d057065 e-con-full e-flex e-con e-child\" data-id=\"d057065\" data-element_type=\"container\" data-e-type=\"container\" data-settings=\"{&quot;background_background&quot;:&quot;classic&quot;}\">\n\t\t\t\t<div class=\"elementor-element elementor-element-4107527 elementor-align-center elementor-widget elementor-widget-button\" data-id=\"4107527\" data-element_type=\"widget\" data-e-type=\"widget\" data-widget_type=\"button.default\">\n\t\t\t\t\t\t\t\t\t\t<a class=\"elementor-button elementor-button-link elementor-size-sm\" href=\"https:\/\/zitromac.laperait.com\/fr\/produits\/jus-naturels\/jus-de-pamplemousse\/\">\n\t\t\t\t\t\t<span class=\"elementor-button-content-wrapper\">\n\t\t\t\t\t\t\t\t\t<span class=\"elementor-button-text\">VOIR LE PRODUIT<\/span>\n\t\t\t\t\t<\/span>\n\t\t\t\t\t<\/a>\n\t\t\t\t\t\t\t\t<\/div>\n\t\t\t\t<\/div>\n\t\t\t\t<div class=\"elementor-element elementor-element-3a5d835 elementor-widget__width-initial elementor-widget elementor-widget-text-editor\" data-id=\"3a5d835\" data-element_type=\"widget\" data-e-type=\"widget\" data-widget_type=\"text-editor.default\">\n\t\t\t\t\t\t\t\t\t<p>JUS DE PAMPLEMOUSSE<\/p>\t\t\t\t\t\t\t\t<\/div>\n\t\t\t\t<\/div>\n\t\t\t\t<\/div>\n\t\t\t\t<\/div>\n\t\t<div class=\"elementor-element elementor-element-02c315a e-con-full e-flex e-con e-child\" data-id=\"02c315a\" data-element_type=\"container\" data-e-type=\"container\">\n\t\t<div class=\"elementor-element elementor-element-a46454a e-con-full e-flex e-con e-child\" data-id=\"a46454a\" data-element_type=\"container\" data-e-type=\"container\">\n\t\t\t\t<div class=\"elementor-element elementor-element-150aea8 elementor-widget-divider--view-line elementor-widget elementor-widget-divider\" data-id=\"150aea8\" data-element_type=\"widget\" data-e-type=\"widget\" data-widget_type=\"divider.default\">\n\t\t\t\t\t\t\t<div class=\"elementor-divider\">\n\t\t\t<span class=\"elementor-divider-separator\">\n\t\t\t\t\t\t<\/span>\n\t\t<\/div>\n\t\t\t\t\t\t<\/div>\n\t\t\t\t<div class=\"elementor-element elementor-element-12abc6 elementor-widget__width-inherit elementor-widget elementor-widget-text-editor\" data-id=\"12abc6\" data-element_type=\"widget\" data-e-type=\"widget\" data-widget_type=\"text-editor.default\">\n\t\t\t\t\t\t\t\t\t<p>Sans additif ni adjuvant, nous accordons une importance particuli\u00e8re \u00e0 la cha\u00eene du froid pour la meilleure conservation de nos produits. Afin de garantir que le produit est dans le meilleur \u00e9tat possible, nous travaillons sur commande et \u00e0 la demande, de sorte que le produit arrive chez nos clients d\u00e8s qu&rsquo;il a \u00e9t\u00e9 produit. Y a-t-il quelque chose de mieux que le naturel ?<\/p>\t\t\t\t\t\t\t\t<\/div>\n\t\t\t\t<\/div>\n\t\t\t\t<\/div>\n\t\t\t\t\t<\/div>\n\t\t\t\t<\/div>\n\t\t\t\t<\/div>\n\t\t","protected":false},"excerpt":{"rendered":"<p>JUICES NATURELS Nous proposons des jus naturels d&rsquo;ORANGE, de CITRON, de CITRON, de CITRON et de GRAPEFRUIT. Elles sont id\u00e9ales pour les cocktails et la cuisine. VOIR LE PRODUIT JUS DE CITRON VOIR LE PRODUIT JUS D&rsquo;ORANGE VOIR LE PRODUIT JUS DE LIMA VOIR LE PRODUIT JUS DE PAMPLEMOUSSE Sans additif ni adjuvant, nous accordons [&hellip;]<\/p>\n","protected":false},"author":1,"featured_media":0,"parent":17176,"menu_order":0,"comment_status":"closed","ping_status":"closed","template":"elementor_header_footer","meta":{"footnotes":""},"categories":[],"class_list":["post-17348","page","type-page","status-publish","hentry"],"yoast_head":"<!-- This site is optimized with the Yoast SEO plugin v26.7 - https:\/\/yoast.com\/wordpress\/plugins\/seo\/ -->\n<title>Jus naturels% % - D\u00e9veloppement de Zitromac% D\u00e9veloppement de Zitromac%.<\/title>\n<meta name=\"robots\" content=\"index, follow, max-snippet:-1, max-image-preview:large, max-video-preview:-1\" \/>\n<link rel=\"canonical\" href=\"https:\/\/zitromac.laperait.com\/fr\/produits\/jus-naturels\/\" \/>\n<meta property=\"og:locale\" content=\"fr_FR\" \/>\n<meta property=\"og:type\" content=\"article\" \/>\n<meta property=\"og:title\" content=\"Jus naturels% % - D\u00e9veloppement de Zitromac% D\u00e9veloppement de Zitromac%.\" \/>\n<meta property=\"og:description\" content=\"JUICES NATURELS Nous proposons des jus naturels d&rsquo;ORANGE, de CITRON, de CITRON, de CITRON et de GRAPEFRUIT. Elles sont id\u00e9ales pour les cocktails et la cuisine. VOIR LE PRODUIT JUS DE CITRON VOIR LE PRODUIT JUS D&rsquo;ORANGE VOIR LE PRODUIT JUS DE LIMA VOIR LE PRODUIT JUS DE PAMPLEMOUSSE Sans additif ni adjuvant, nous accordons [&hellip;]\" \/>\n<meta property=\"og:url\" content=\"https:\/\/zitromac.laperait.com\/fr\/produits\/jus-naturels\/\" \/>\n<meta property=\"og:site_name\" content=\"D\u00e9veloppement de Zitromac\" \/>\n<meta property=\"article:publisher\" content=\"https:\/\/www.facebook.com\/ZitromacSolucionesCitricas#\" \/>\n<meta property=\"article:modified_time\" content=\"2026-03-25T12:09:12+00:00\" \/>\n<meta name=\"twitter:card\" content=\"summary_large_image\" \/>\n<meta name=\"twitter:label1\" content=\"Dur\u00e9e de lecture estim\u00e9e\" \/>\n\t<meta name=\"twitter:data1\" content=\"1 minute\" \/>\n<script type=\"application\/ld+json\" class=\"yoast-schema-graph\">{\"@context\":\"https:\/\/schema.org\",\"@graph\":[{\"@type\":\"WebPage\",\"@id\":\"https:\/\/zitromac.laperait.com\/fr\/produits\/jus-naturels\/\",\"url\":\"https:\/\/zitromac.laperait.com\/fr\/produits\/jus-naturels\/\",\"name\":\"Jus naturels% % - D\u00e9veloppement de Zitromac% D\u00e9veloppement de Zitromac%.\",\"isPartOf\":{\"@id\":\"https:\/\/zitromac.laperait.com\/fr\/#website\"},\"datePublished\":\"2025-10-29T15:01:51+00:00\",\"dateModified\":\"2026-03-25T12:09:12+00:00\",\"breadcrumb\":{\"@id\":\"https:\/\/zitromac.laperait.com\/fr\/produits\/jus-naturels\/#breadcrumb\"},\"inLanguage\":\"fr-FR\",\"potentialAction\":[{\"@type\":\"ReadAction\",\"target\":[\"https:\/\/zitromac.laperait.com\/fr\/produits\/jus-naturels\/\"]}]},{\"@type\":\"BreadcrumbList\",\"@id\":\"https:\/\/zitromac.laperait.com\/fr\/produits\/jus-naturels\/#breadcrumb\",\"itemListElement\":[{\"@type\":\"ListItem\",\"position\":1,\"name\":\"Page d'accueil\",\"item\":\"https:\/\/zitromac.laperait.com\/fr\/\"},{\"@type\":\"ListItem\",\"position\":2,\"name\":\"Produits\",\"item\":\"https:\/\/zitromac.laperait.com\/fr\/productos\/\"},{\"@type\":\"ListItem\",\"position\":3,\"name\":\"Jus naturels\"}]},{\"@type\":\"WebSite\",\"@id\":\"https:\/\/zitromac.laperait.com\/fr\/#website\",\"url\":\"https:\/\/zitromac.laperait.com\/fr\/\",\"name\":\"Zitromac Desarrollo\",\"description\":\"\",\"publisher\":{\"@id\":\"https:\/\/zitromac.laperait.com\/fr\/#organization\"},\"potentialAction\":[{\"@type\":\"SearchAction\",\"target\":{\"@type\":\"EntryPoint\",\"urlTemplate\":\"https:\/\/zitromac.laperait.com\/fr\/?s={search_term_string}\"},\"query-input\":{\"@type\":\"PropertyValueSpecification\",\"valueRequired\":true,\"valueName\":\"search_term_string\"}}],\"inLanguage\":\"fr-FR\"},{\"@type\":\"Organization\",\"@id\":\"https:\/\/zitromac.laperait.com\/fr\/#organization\",\"name\":\"D\u00e9veloppement de Zitromac\",\"url\":\"https:\/\/zitromac.laperait.com\/fr\/\",\"logo\":{\"@type\":\"ImageObject\",\"inLanguage\":\"fr-FR\",\"@id\":\"https:\/\/zitromac.laperait.com\/fr\/#\/schema\/logo\/image\/\",\"url\":\"https:\/\/zitromac.laperait.com\/wp-content\/uploads\/2026\/01\/zitromac-logo-negro.png\",\"contentUrl\":\"https:\/\/zitromac.laperait.com\/wp-content\/uploads\/2026\/01\/zitromac-logo-negro.png\",\"width\":860,\"height\":199,\"caption\":\"D\u00e9veloppement de Zitromac\"},\"image\":{\"@id\":\"https:\/\/zitromac.laperait.com\/fr\/#\/schema\/logo\/image\/\"},\"sameAs\":[\"https:\/\/www.facebook.com\/ZitromacSolucionesCitricas#\",\"https:\/\/www.instagram.com\/zitromac_\/?hl=es\"]}]}<\/script>\n<!-- \/ Yoast SEO plugin. -->","yoast_head_json":{"title":"Jus naturels% % - D\u00e9veloppement de Zitromac% D\u00e9veloppement de Zitromac%.","robots":{"index":"index","follow":"follow","max-snippet":"max-snippet:-1","max-image-preview":"max-image-preview:large","max-video-preview":"max-video-preview:-1"},"canonical":"https:\/\/zitromac.laperait.com\/fr\/produits\/jus-naturels\/","og_locale":"fr_FR","og_type":"article","og_title":"Jus naturels% % - D\u00e9veloppement de Zitromac% D\u00e9veloppement de Zitromac%.","og_description":"JUICES NATURELS Nous proposons des jus naturels d&rsquo;ORANGE, de CITRON, de CITRON, de CITRON et de GRAPEFRUIT. Elles sont id\u00e9ales pour les cocktails et la cuisine. VOIR LE PRODUIT JUS DE CITRON VOIR LE PRODUIT JUS D&rsquo;ORANGE VOIR LE PRODUIT JUS DE LIMA VOIR LE PRODUIT JUS DE PAMPLEMOUSSE Sans additif ni adjuvant, nous accordons [&hellip;]","og_url":"https:\/\/zitromac.laperait.com\/fr\/produits\/jus-naturels\/","og_site_name":"D\u00e9veloppement de Zitromac","article_publisher":"https:\/\/www.facebook.com\/ZitromacSolucionesCitricas#","article_modified_time":"2026-03-25T12:09:12+00:00","twitter_card":"summary_large_image","twitter_misc":{"Dur\u00e9e de lecture estim\u00e9e":"1 minute"},"schema":{"@context":"https:\/\/schema.org","@graph":[{"@type":"WebPage","@id":"https:\/\/zitromac.laperait.com\/fr\/produits\/jus-naturels\/","url":"https:\/\/zitromac.laperait.com\/fr\/produits\/jus-naturels\/","name":"Jus naturels% % - D\u00e9veloppement de Zitromac% D\u00e9veloppement de Zitromac%.","isPartOf":{"@id":"https:\/\/zitromac.laperait.com\/fr\/#website"},"datePublished":"2025-10-29T15:01:51+00:00","dateModified":"2026-03-25T12:09:12+00:00","breadcrumb":{"@id":"https:\/\/zitromac.laperait.com\/fr\/produits\/jus-naturels\/#breadcrumb"},"inLanguage":"fr-FR","potentialAction":[{"@type":"ReadAction","target":["https:\/\/zitromac.laperait.com\/fr\/produits\/jus-naturels\/"]}]},{"@type":"BreadcrumbList","@id":"https:\/\/zitromac.laperait.com\/fr\/produits\/jus-naturels\/#breadcrumb","itemListElement":[{"@type":"ListItem","position":1,"name":"Page d'accueil","item":"https:\/\/zitromac.laperait.com\/fr\/"},{"@type":"ListItem","position":2,"name":"Produits","item":"https:\/\/zitromac.laperait.com\/fr\/productos\/"},{"@type":"ListItem","position":3,"name":"Jus naturels"}]},{"@type":"WebSite","@id":"https:\/\/zitromac.laperait.com\/fr\/#website","url":"https:\/\/zitromac.laperait.com\/fr\/","name":"Zitromac Desarrollo","description":"","publisher":{"@id":"https:\/\/zitromac.laperait.com\/fr\/#organization"},"potentialAction":[{"@type":"SearchAction","target":{"@type":"EntryPoint","urlTemplate":"https:\/\/zitromac.laperait.com\/fr\/?s={search_term_string}"},"query-input":{"@type":"PropertyValueSpecification","valueRequired":true,"valueName":"search_term_string"}}],"inLanguage":"fr-FR"},{"@type":"Organization","@id":"https:\/\/zitromac.laperait.com\/fr\/#organization","name":"D\u00e9veloppement de Zitromac","url":"https:\/\/zitromac.laperait.com\/fr\/","logo":{"@type":"ImageObject","inLanguage":"fr-FR","@id":"https:\/\/zitromac.laperait.com\/fr\/#\/schema\/logo\/image\/","url":"https:\/\/zitromac.laperait.com\/wp-content\/uploads\/2026\/01\/zitromac-logo-negro.png","contentUrl":"https:\/\/zitromac.laperait.com\/wp-content\/uploads\/2026\/01\/zitromac-logo-negro.png","width":860,"height":199,"caption":"D\u00e9veloppement de Zitromac"},"image":{"@id":"https:\/\/zitromac.laperait.com\/fr\/#\/schema\/logo\/image\/"},"sameAs":["https:\/\/www.facebook.com\/ZitromacSolucionesCitricas#","https:\/\/www.instagram.com\/zitromac_\/?hl=es"]}]}},"_links":{"self":[{"href":"https:\/\/zitromac.laperait.com\/fr\/wp-json\/wp\/v2\/pages\/17348","targetHints":{"allow":["GET"]}}],"collection":[{"href":"https:\/\/zitromac.laperait.com\/fr\/wp-json\/wp\/v2\/pages"}],"about":[{"href":"https:\/\/zitromac.laperait.com\/fr\/wp-json\/wp\/v2\/types\/page"}],"author":[{"embeddable":true,"href":"https:\/\/zitromac.laperait.com\/fr\/wp-json\/wp\/v2\/users\/1"}],"replies":[{"embeddable":true,"href":"https:\/\/zitromac.laperait.com\/fr\/wp-json\/wp\/v2\/comments?post=17348"}],"version-history":[{"count":3,"href":"https:\/\/zitromac.laperait.com\/fr\/wp-json\/wp\/v2\/pages\/17348\/revisions"}],"predecessor-version":[{"id":17716,"href":"https:\/\/zitromac.laperait.com\/fr\/wp-json\/wp\/v2\/pages\/17348\/revisions\/17716"}],"up":[{"embeddable":true,"href":"https:\/\/zitromac.laperait.com\/fr\/wp-json\/wp\/v2\/pages\/17176"}],"wp:attachment":[{"href":"https:\/\/zitromac.laperait.com\/fr\/wp-json\/wp\/v2\/media?parent=17348"}],"wp:term":[{"taxonomy":"category","embeddable":true,"href":"https:\/\/zitromac.laperait.com\/fr\/wp-json\/wp\/v2\/categories?post=17348"}],"curies":[{"name":"wp","href":"https:\/\/api.w.org\/{rel}","templated":true}]}}