{"id":17404,"date":"2025-11-17T11:22:54","date_gmt":"2025-11-17T11:22:54","guid":{"rendered":"https:\/\/zitromac.laperait.com\/produits\/jus-naturels\/jus-de-citron\/"},"modified":"2026-03-24T08:11:51","modified_gmt":"2026-03-24T08:11:51","slug":"jus-de-citron","status":"publish","type":"page","link":"https:\/\/zitromac.laperait.com\/fr\/produits\/jus-naturels\/jus-de-citron\/","title":{"rendered":"JUS DE CITRON"},"content":{"rendered":"\t\t<div data-elementor-type=\"wp-page\" data-elementor-id=\"17404\" class=\"elementor elementor-17404 elementor-1202\" data-elementor-post-type=\"page\">\n\t\t\t\t<div class=\"elementor-element elementor-element-ff778f8 e-flex e-con-boxed e-con e-parent\" data-id=\"ff778f8\" data-element_type=\"container\" data-e-type=\"container\">\n\t\t\t\t\t<div class=\"e-con-inner\">\n\t\t<div class=\"elementor-element elementor-element-15b19ee0 e-con-full e-flex e-con e-child\" data-id=\"15b19ee0\" data-element_type=\"container\" data-e-type=\"container\">\n\t\t\t\t<div class=\"elementor-element elementor-element-d1f8296 elementor-widget elementor-widget-zmac_side_gallery\" data-id=\"d1f8296\" data-element_type=\"widget\" data-e-type=\"widget\" data-widget_type=\"zmac_side_gallery.default\">\n\t\t\t\t<div class=\"elementor-widget-container\">\n\t\t\t\t\t<div class=\"zmac-esg\" id=\"zmac_esg_1\" style=\"--zmac-aspect:1\/1; --zmac-fit:contain;\" data-zmac-esg='{&quot;activeId&quot;:818}'><div class=\"zmac-esg__thumbs\" role=\"list\" aria-label=\"Miniaturas\"><button type=\"button\" class=\"zmac-esg__thumb is-active\" role=\"listitem\" data-id=\"818\" data-src=\"https:\/\/zitromac.laperait.com\/wp-content\/uploads\/2025\/10\/Limon_zumo.webp\" data-srcset=\"https:\/\/zitromac.laperait.com\/wp-content\/uploads\/2025\/10\/Limon_zumo.webp 1024w, https:\/\/zitromac.laperait.com\/wp-content\/uploads\/2025\/10\/Limon_zumo-300x300.webp 300w, https:\/\/zitromac.laperait.com\/wp-content\/uploads\/2025\/10\/Limon_zumo-100x100.webp 100w, https:\/\/zitromac.laperait.com\/wp-content\/uploads\/2025\/10\/Limon_zumo-600x600.webp 600w, https:\/\/zitromac.laperait.com\/wp-content\/uploads\/2025\/10\/Limon_zumo-150x150.webp 150w, https:\/\/zitromac.laperait.com\/wp-content\/uploads\/2025\/10\/Limon_zumo-768x768.webp 768w\" data-sizes=\"(max-width: 800px) 100vw, 800px\" data-alt=\"\" aria-pressed=\"true\" aria-label=\"Ver imagen\"><img loading=\"lazy\" decoding=\"async\" width=\"150\" height=\"150\" src=\"https:\/\/zitromac.laperait.com\/wp-content\/uploads\/2025\/10\/Limon_zumo-150x150.webp\" class=\"zmac-esg__thumb-img\" alt=\"\" loading=\"lazy\" srcset=\"https:\/\/zitromac.laperait.com\/wp-content\/uploads\/2025\/10\/Limon_zumo-150x150.webp 150w, https:\/\/zitromac.laperait.com\/wp-content\/uploads\/2025\/10\/Limon_zumo-300x300.webp 300w, https:\/\/zitromac.laperait.com\/wp-content\/uploads\/2025\/10\/Limon_zumo-100x100.webp 100w, https:\/\/zitromac.laperait.com\/wp-content\/uploads\/2025\/10\/Limon_zumo-600x600.webp 600w, https:\/\/zitromac.laperait.com\/wp-content\/uploads\/2025\/10\/Limon_zumo-768x768.webp 768w, https:\/\/zitromac.laperait.com\/wp-content\/uploads\/2025\/10\/Limon_zumo.webp 1024w\" sizes=\"auto, (max-width: 150px) 100vw, 150px\" \/><\/button><button type=\"button\" class=\"zmac-esg__thumb \" role=\"listitem\" data-id=\"14762\" data-src=\"https:\/\/zitromac.laperait.com\/wp-content\/uploads\/2026\/03\/limon-zumo-limon.jpg\" data-srcset=\"https:\/\/zitromac.laperait.com\/wp-content\/uploads\/2026\/03\/limon-zumo-limon.jpg 1024w, https:\/\/zitromac.laperait.com\/wp-content\/uploads\/2026\/03\/limon-zumo-limon-300x300.jpg 300w, https:\/\/zitromac.laperait.com\/wp-content\/uploads\/2026\/03\/limon-zumo-limon-150x150.jpg 150w, https:\/\/zitromac.laperait.com\/wp-content\/uploads\/2026\/03\/limon-zumo-limon-768x768.jpg 768w\" data-sizes=\"(max-width: 800px) 100vw, 800px\" data-alt=\"\" aria-pressed=\"false\" aria-label=\"Ver imagen\"><img loading=\"lazy\" decoding=\"async\" width=\"150\" height=\"150\" src=\"https:\/\/zitromac.laperait.com\/wp-content\/uploads\/2026\/03\/limon-zumo-limon-150x150.jpg\" class=\"zmac-esg__thumb-img\" alt=\"\" loading=\"lazy\" srcset=\"https:\/\/zitromac.laperait.com\/wp-content\/uploads\/2026\/03\/limon-zumo-limon-150x150.jpg 150w, https:\/\/zitromac.laperait.com\/wp-content\/uploads\/2026\/03\/limon-zumo-limon-300x300.jpg 300w, https:\/\/zitromac.laperait.com\/wp-content\/uploads\/2026\/03\/limon-zumo-limon-768x768.jpg 768w, https:\/\/zitromac.laperait.com\/wp-content\/uploads\/2026\/03\/limon-zumo-limon.jpg 1024w\" sizes=\"auto, (max-width: 150px) 100vw, 150px\" \/><\/button><button type=\"button\" class=\"zmac-esg__thumb \" role=\"listitem\" data-id=\"14761\" data-src=\"https:\/\/zitromac.laperait.com\/wp-content\/uploads\/2026\/03\/zumo-de-limon.jpg\" data-srcset=\"https:\/\/zitromac.laperait.com\/wp-content\/uploads\/2026\/03\/zumo-de-limon.jpg 1024w, https:\/\/zitromac.laperait.com\/wp-content\/uploads\/2026\/03\/zumo-de-limon-300x300.jpg 300w, https:\/\/zitromac.laperait.com\/wp-content\/uploads\/2026\/03\/zumo-de-limon-150x150.jpg 150w, https:\/\/zitromac.laperait.com\/wp-content\/uploads\/2026\/03\/zumo-de-limon-768x768.jpg 768w\" data-sizes=\"(max-width: 800px) 100vw, 800px\" data-alt=\"\" aria-pressed=\"false\" aria-label=\"Ver imagen\"><img loading=\"lazy\" decoding=\"async\" width=\"150\" height=\"150\" src=\"https:\/\/zitromac.laperait.com\/wp-content\/uploads\/2026\/03\/zumo-de-limon-150x150.jpg\" class=\"zmac-esg__thumb-img\" alt=\"\" loading=\"lazy\" srcset=\"https:\/\/zitromac.laperait.com\/wp-content\/uploads\/2026\/03\/zumo-de-limon-150x150.jpg 150w, https:\/\/zitromac.laperait.com\/wp-content\/uploads\/2026\/03\/zumo-de-limon-300x300.jpg 300w, https:\/\/zitromac.laperait.com\/wp-content\/uploads\/2026\/03\/zumo-de-limon-768x768.jpg 768w, https:\/\/zitromac.laperait.com\/wp-content\/uploads\/2026\/03\/zumo-de-limon.jpg 1024w\" sizes=\"auto, (max-width: 150px) 100vw, 150px\" \/><\/button><button type=\"button\" class=\"zmac-esg__thumb \" role=\"listitem\" data-id=\"13467\" data-src=\"https:\/\/zitromac.laperait.com\/wp-content\/uploads\/2026\/01\/Captura-de-pantalla-2026-01-12-a-las-11.21.08.png\" data-srcset=\"https:\/\/zitromac.laperait.com\/wp-content\/uploads\/2026\/01\/Captura-de-pantalla-2026-01-12-a-las-11.21.08.png 702w, https:\/\/zitromac.laperait.com\/wp-content\/uploads\/2026\/01\/Captura-de-pantalla-2026-01-12-a-las-11.21.08-300x300.png 300w, https:\/\/zitromac.laperait.com\/wp-content\/uploads\/2026\/01\/Captura-de-pantalla-2026-01-12-a-las-11.21.08-150x150.png 150w\" data-sizes=\"(max-width: 702px) 100vw, 702px\" data-alt=\"\" aria-pressed=\"false\" aria-label=\"Ver imagen\"><img loading=\"lazy\" decoding=\"async\" width=\"150\" height=\"150\" src=\"https:\/\/zitromac.laperait.com\/wp-content\/uploads\/2026\/01\/Captura-de-pantalla-2026-01-12-a-las-11.21.08-150x150.png\" class=\"zmac-esg__thumb-img\" alt=\"\" loading=\"lazy\" srcset=\"https:\/\/zitromac.laperait.com\/wp-content\/uploads\/2026\/01\/Captura-de-pantalla-2026-01-12-a-las-11.21.08-150x150.png 150w, https:\/\/zitromac.laperait.com\/wp-content\/uploads\/2026\/01\/Captura-de-pantalla-2026-01-12-a-las-11.21.08-300x300.png 300w, https:\/\/zitromac.laperait.com\/wp-content\/uploads\/2026\/01\/Captura-de-pantalla-2026-01-12-a-las-11.21.08.png 702w\" sizes=\"auto, (max-width: 150px) 100vw, 150px\" \/><\/button><\/div><div class=\"zmac-esg__main\">  <div class=\"zmac-esg__main-inner\" aria-live=\"polite\"><img fetchpriority=\"high\" width=\"800\" height=\"800\" src=\"https:\/\/zitromac.laperait.com\/wp-content\/uploads\/2025\/10\/Limon_zumo.webp\" class=\"zmac-esg__main-img\" alt=\"\" loading=\"eager\" decoding=\"async\" srcset=\"https:\/\/zitromac.laperait.com\/wp-content\/uploads\/2025\/10\/Limon_zumo.webp 1024w, https:\/\/zitromac.laperait.com\/wp-content\/uploads\/2025\/10\/Limon_zumo-300x300.webp 300w, https:\/\/zitromac.laperait.com\/wp-content\/uploads\/2025\/10\/Limon_zumo-100x100.webp 100w, https:\/\/zitromac.laperait.com\/wp-content\/uploads\/2025\/10\/Limon_zumo-600x600.webp 600w, https:\/\/zitromac.laperait.com\/wp-content\/uploads\/2025\/10\/Limon_zumo-150x150.webp 150w, https:\/\/zitromac.laperait.com\/wp-content\/uploads\/2025\/10\/Limon_zumo-768x768.webp 768w\" sizes=\"(max-width: 800px) 100vw, 800px\" \/>  <\/div><\/div><\/div>\t\t\t\t<\/div>\n\t\t\t\t<\/div>\n\t\t\t\t<\/div>\n\t\t<div class=\"elementor-element elementor-element-4201a473 e-con-full e-flex e-con e-child\" data-id=\"4201a473\" data-element_type=\"container\" data-e-type=\"container\">\n\t\t\t\t<div class=\"elementor-element elementor-element-3dc3b912 elementor-widget elementor-widget-text-editor\" data-id=\"3dc3b912\" data-element_type=\"widget\" data-e-type=\"widget\" data-widget_type=\"text-editor.default\">\n\t\t\t\t\t\t\t\t\t<p>JUS DE CITRON<br><\/p>\t\t\t\t\t\t\t\t<\/div>\n\t\t\t\t<div class=\"elementor-element elementor-element-49429562 elementor-widget elementor-widget-text-editor\" data-id=\"49429562\" data-element_type=\"widget\" data-e-type=\"widget\" data-widget_type=\"text-editor.default\">\n\t\t\t\t\t\t\t\t\t<p>Zitromac s\u00e9lectionne les meilleurs citrons pour la production de ses jus. Uniquement des fruits, sans additifs, sans sucre, sans \u00e9dulcorants.<\/p><p> <\/p><p>Voulez-vous les essayer ?<\/p>\t\t\t\t\t\t\t\t<\/div>\n\t\t\t\t<div class=\"elementor-element elementor-element-b2ae29e elementor-widget elementor-widget-html\" data-id=\"b2ae29e\" data-element_type=\"widget\" data-e-type=\"widget\" data-widget_type=\"html.default\">\n\t\t\t\t\t<div class=\"buy-options\">\r\n  <a class=\"buy-card buy-card--black\" href=\"https:\/\/zitromac.laperait.com\/fr\/?page_id=16965\">\r\n    <span class=\"buy-card__cta\">\r\n  Plus d'informations\r\n    <\/span>\r\n  <\/a>\r\n<\/div>\r\n\r\n  \t\t\t\t<\/div>\n\t\t\t\t<\/div>\n\t\t\t\t\t<\/div>\n\t\t\t\t<\/div>\n\t\t<div class=\"elementor-element elementor-element-4c885b3b e-flex e-con-boxed e-con e-parent\" data-id=\"4c885b3b\" data-element_type=\"container\" data-e-type=\"container\">\n\t\t\t\t\t<div class=\"e-con-inner\">\n\t\t<div class=\"elementor-element elementor-element-59710232 e-con-full e-flex e-con e-child\" data-id=\"59710232\" data-element_type=\"container\" data-e-type=\"container\">\n\t\t\t\t<div class=\"elementor-element elementor-element-693f99ac elementor-widget__width-auto elementor-widget-tablet__width-initial elementor-widget elementor-widget-text-editor\" data-id=\"693f99ac\" data-element_type=\"widget\" data-e-type=\"widget\" data-widget_type=\"text-editor.default\">\n\t\t\t\t\t\t\t\t\t<p>DESCRIPTION<\/p>\t\t\t\t\t\t\t\t<\/div>\n\t\t\t\t<div class=\"elementor-element elementor-element-922359 elementor-widget-divider--view-line elementor-widget elementor-widget-divider\" data-id=\"922359\" data-element_type=\"widget\" data-e-type=\"widget\" data-widget_type=\"divider.default\">\n\t\t\t\t\t\t\t<div class=\"elementor-divider\">\n\t\t\t<span class=\"elementor-divider-separator\">\n\t\t\t\t\t\t<\/span>\n\t\t<\/div>\n\t\t\t\t\t\t<\/div>\n\t\t\t\t<\/div>\n\t\t\t\t<div class=\"elementor-element elementor-element-402bd6f5 elementor-widget elementor-widget-text-editor\" data-id=\"402bd6f5\" data-element_type=\"widget\" data-e-type=\"widget\" data-widget_type=\"text-editor.default\">\n\t\t\t\t\t\t\t\t\t<p>PRESENTATION - Bouteille de 1 litre ou carafe de 5 litres.<\/p><p> <\/p><p>COULEUR - Jaune vif<\/p><p> <\/p><p>CONSOMMATION PR\u00c9F\u00c9R\u00c9E - 21 jours<\/p><p> <\/p><p>CONDITIONS DE STOCKAGE - R\u00e9frig\u00e9ration 4\u00baC - 8\u00baC<\/p><p> <\/p><p>PROPORTION - 4 kg de citrons sont n\u00e9cessaires pour produire 1 litre de jus.<\/p><p> <\/p><p>ZITROMAC, ENTREPRISE - Zitromac est une entreprise innovante du secteur agroalimentaire qui se consacre \u00e0 la transformation des fruits dans diff\u00e9rents formats, n\u00e9e dans le but d&rsquo;\u00eatre un support pour le canal HORECA, pour l&rsquo;industrie alimentaire et m\u00eame pour le consommateur final. Avec le soutien du Centre national de technologie et de s\u00e9curit\u00e9 alimentaire (CNTA), nous avons d\u00e9velopp\u00e9 une ligne de R&amp;D pour lancer une s\u00e9rie de nouveaux produits sur le march\u00e9.<\/p><p> <\/p><p>ZITROMAC, PRODUITS - Zitromac propose six cat\u00e9gories de produits diff\u00e9rentes : Fruits s\u00e9ch\u00e9s, fruits lyophilis\u00e9s, poudre de fruits, fruits coup\u00e9s, perles et jus naturels. ZITROMAC, PRODUITS DE JUS - Les jus comprennent : le jus de citron, le jus d&rsquo;orange, le jus de citron vert et le jus de pamplemousse que vous pouvez acheter sur Amazon.<\/p>\t\t\t\t\t\t\t\t<\/div>\n\t\t<div class=\"elementor-element elementor-element-4974b177 e-con-full e-flex e-con e-child\" data-id=\"4974b177\" data-element_type=\"container\" data-e-type=\"container\">\n\t\t\t\t<div class=\"elementor-element elementor-element-6841e184 elementor-widget__width-initial elementor-widget-tablet__width-inherit elementor-widget elementor-widget-text-editor\" data-id=\"6841e184\" data-element_type=\"widget\" data-e-type=\"widget\" data-widget_type=\"text-editor.default\">\n\t\t\t\t\t\t\t\t\t<p>PRODUITS APPARENT\u00c9S<\/p>\t\t\t\t\t\t\t\t<\/div>\n\t\t\t\t<div class=\"elementor-element elementor-element-620b3b30 elementor-hidden-tablet elementor-hidden-mobile elementor-widget-divider--view-line elementor-widget elementor-widget-divider\" data-id=\"620b3b30\" data-element_type=\"widget\" data-e-type=\"widget\" data-widget_type=\"divider.default\">\n\t\t\t\t\t\t\t<div class=\"elementor-divider\">\n\t\t\t<span class=\"elementor-divider-separator\">\n\t\t\t\t\t\t<\/span>\n\t\t<\/div>\n\t\t\t\t\t\t<\/div>\n\t\t\t\t<\/div>\n\t\t<div class=\"elementor-element elementor-element-d34581c e-con-full e-flex e-con e-child\" data-id=\"d34581c\" data-element_type=\"container\" data-e-type=\"container\">\n\t\t\t\t<div class=\"elementor-element elementor-element-d19a96a elementor-widget elementor-widget-shortcode\" data-id=\"d19a96a\" data-element_type=\"widget\" data-e-type=\"widget\" data-widget_type=\"shortcode.default\">\n\t\t\t\t\t\t\t<div class=\"elementor-shortcode\"><\/div>\n\t\t\t\t\t\t<\/div>\n\t\t\t\t<\/div>\n\t\t\t\t\t<\/div>\n\t\t\t\t<\/div>\n\t\t\t\t<\/div>\n\t\t","protected":false},"excerpt":{"rendered":"<p>JUS DE CITRON Zitromac s\u00e9lectionne les meilleurs citrons pour la production de ses jus. Uniquement des fruits, sans additifs, sans sucre, sans \u00e9dulcorants. Voulez-vous les essayer ? Plus d&rsquo;informations DESCRIPTION PRESENTATION - Bouteille de 1 litre ou carafe de 5 litres. COULEUR - Jaune vif CONSOMMATION PR\u00c9F\u00c9R\u00c9E - 21 jours CONDITIONS DE STOCKAGE - R\u00e9frig\u00e9ration [&hellip;]<\/p>\n","protected":false},"author":2,"featured_media":17350,"parent":17348,"menu_order":0,"comment_status":"closed","ping_status":"closed","template":"elementor_header_footer","meta":{"footnotes":""},"categories":[149],"class_list":["post-17404","page","type-page","status-publish","has-post-thumbnail","hentry","category-juices-naturels"],"yoast_head":"<!-- This site is optimized with the Yoast SEO plugin v26.7 - https:\/\/yoast.com\/wordpress\/plugins\/seo\/ -->\n<title>JUS DE CITRON% % - D\u00e9veloppement de Zitromac% D\u00e9veloppement de Zitromac%.<\/title>\n<meta name=\"robots\" content=\"index, follow, max-snippet:-1, max-image-preview:large, max-video-preview:-1\" \/>\n<link rel=\"canonical\" href=\"https:\/\/zitromac.laperait.com\/fr\/produits\/jus-naturels\/jus-de-citron\/\" \/>\n<meta property=\"og:locale\" content=\"fr_FR\" \/>\n<meta property=\"og:type\" content=\"article\" \/>\n<meta property=\"og:title\" content=\"JUS DE CITRON% % - D\u00e9veloppement de Zitromac% D\u00e9veloppement de Zitromac%.\" \/>\n<meta property=\"og:description\" content=\"JUS DE CITRON Zitromac s\u00e9lectionne les meilleurs citrons pour la production de ses jus. Uniquement des fruits, sans additifs, sans sucre, sans \u00e9dulcorants. Voulez-vous les essayer ? Plus d&rsquo;informations DESCRIPTION PRESENTATION - Bouteille de 1 litre ou carafe de 5 litres. COULEUR - Jaune vif CONSOMMATION PR\u00c9F\u00c9R\u00c9E - 21 jours CONDITIONS DE STOCKAGE - R\u00e9frig\u00e9ration [&hellip;]\" \/>\n<meta property=\"og:url\" content=\"https:\/\/zitromac.laperait.com\/fr\/produits\/jus-naturels\/jus-de-citron\/\" \/>\n<meta property=\"og:site_name\" content=\"D\u00e9veloppement de Zitromac\" \/>\n<meta property=\"article:publisher\" content=\"https:\/\/www.facebook.com\/ZitromacSolucionesCitricas#\" \/>\n<meta property=\"article:modified_time\" content=\"2026-03-24T08:11:51+00:00\" \/>\n<meta property=\"og:image\" content=\"https:\/\/zitromac.laperait.com\/wp-content\/uploads\/2025\/10\/Limon_zumo.webp\" \/>\n\t<meta property=\"og:image:width\" content=\"1024\" \/>\n\t<meta property=\"og:image:height\" content=\"1024\" \/>\n\t<meta property=\"og:image:type\" content=\"image\/webp\" \/>\n<meta name=\"twitter:card\" content=\"summary_large_image\" \/>\n<meta name=\"twitter:label1\" content=\"Dur\u00e9e de lecture estim\u00e9e\" \/>\n\t<meta name=\"twitter:data1\" content=\"1 minute\" \/>\n<script type=\"application\/ld+json\" class=\"yoast-schema-graph\">{\"@context\":\"https:\/\/schema.org\",\"@graph\":[{\"@type\":\"WebPage\",\"@id\":\"https:\/\/zitromac.laperait.com\/fr\/produits\/jus-naturels\/jus-de-citron\/\",\"url\":\"https:\/\/zitromac.laperait.com\/fr\/produits\/jus-naturels\/jus-de-citron\/\",\"name\":\"JUS DE CITRON% % - D\u00e9veloppement de Zitromac% D\u00e9veloppement de Zitromac%.\",\"isPartOf\":{\"@id\":\"https:\/\/zitromac.laperait.com\/fr\/#website\"},\"primaryImageOfPage\":{\"@id\":\"https:\/\/zitromac.laperait.com\/fr\/produits\/jus-naturels\/jus-de-citron\/#primaryimage\"},\"image\":{\"@id\":\"https:\/\/zitromac.laperait.com\/fr\/produits\/jus-naturels\/jus-de-citron\/#primaryimage\"},\"thumbnailUrl\":\"https:\/\/zitromac.laperait.com\/wp-content\/uploads\/2025\/10\/Limon_zumo.webp\",\"datePublished\":\"2025-11-17T11:22:54+00:00\",\"dateModified\":\"2026-03-24T08:11:51+00:00\",\"breadcrumb\":{\"@id\":\"https:\/\/zitromac.laperait.com\/fr\/produits\/jus-naturels\/jus-de-citron\/#breadcrumb\"},\"inLanguage\":\"fr-FR\",\"potentialAction\":[{\"@type\":\"ReadAction\",\"target\":[\"https:\/\/zitromac.laperait.com\/fr\/produits\/jus-naturels\/jus-de-citron\/\"]}]},{\"@type\":\"ImageObject\",\"inLanguage\":\"fr-FR\",\"@id\":\"https:\/\/zitromac.laperait.com\/fr\/produits\/jus-naturels\/jus-de-citron\/#primaryimage\",\"url\":\"https:\/\/zitromac.laperait.com\/wp-content\/uploads\/2025\/10\/Limon_zumo.webp\",\"contentUrl\":\"https:\/\/zitromac.laperait.com\/wp-content\/uploads\/2025\/10\/Limon_zumo.webp\",\"width\":1024,\"height\":1024},{\"@type\":\"BreadcrumbList\",\"@id\":\"https:\/\/zitromac.laperait.com\/fr\/produits\/jus-naturels\/jus-de-citron\/#breadcrumb\",\"itemListElement\":[{\"@type\":\"ListItem\",\"position\":1,\"name\":\"Page d'accueil\",\"item\":\"https:\/\/zitromac.laperait.com\/fr\/\"},{\"@type\":\"ListItem\",\"position\":2,\"name\":\"Produits\",\"item\":\"https:\/\/zitromac.laperait.com\/fr\/productos\/\"},{\"@type\":\"ListItem\",\"position\":3,\"name\":\"Jus naturels\",\"item\":\"https:\/\/zitromac.laperait.com\/fr\/productos\/zumos-naturales\/\"},{\"@type\":\"ListItem\",\"position\":4,\"name\":\"JUS DE CITRON\"}]},{\"@type\":\"WebSite\",\"@id\":\"https:\/\/zitromac.laperait.com\/fr\/#website\",\"url\":\"https:\/\/zitromac.laperait.com\/fr\/\",\"name\":\"Zitromac Desarrollo\",\"description\":\"\",\"publisher\":{\"@id\":\"https:\/\/zitromac.laperait.com\/fr\/#organization\"},\"potentialAction\":[{\"@type\":\"SearchAction\",\"target\":{\"@type\":\"EntryPoint\",\"urlTemplate\":\"https:\/\/zitromac.laperait.com\/fr\/?s={search_term_string}\"},\"query-input\":{\"@type\":\"PropertyValueSpecification\",\"valueRequired\":true,\"valueName\":\"search_term_string\"}}],\"inLanguage\":\"fr-FR\"},{\"@type\":\"Organization\",\"@id\":\"https:\/\/zitromac.laperait.com\/fr\/#organization\",\"name\":\"D\u00e9veloppement de Zitromac\",\"url\":\"https:\/\/zitromac.laperait.com\/fr\/\",\"logo\":{\"@type\":\"ImageObject\",\"inLanguage\":\"fr-FR\",\"@id\":\"https:\/\/zitromac.laperait.com\/fr\/#\/schema\/logo\/image\/\",\"url\":\"https:\/\/zitromac.laperait.com\/wp-content\/uploads\/2026\/01\/zitromac-logo-negro.png\",\"contentUrl\":\"https:\/\/zitromac.laperait.com\/wp-content\/uploads\/2026\/01\/zitromac-logo-negro.png\",\"width\":860,\"height\":199,\"caption\":\"D\u00e9veloppement de Zitromac\"},\"image\":{\"@id\":\"https:\/\/zitromac.laperait.com\/fr\/#\/schema\/logo\/image\/\"},\"sameAs\":[\"https:\/\/www.facebook.com\/ZitromacSolucionesCitricas#\",\"https:\/\/www.instagram.com\/zitromac_\/?hl=es\"]}]}<\/script>\n<!-- \/ Yoast SEO plugin. -->","yoast_head_json":{"title":"JUS DE CITRON% % - D\u00e9veloppement de Zitromac% D\u00e9veloppement de Zitromac%.","robots":{"index":"index","follow":"follow","max-snippet":"max-snippet:-1","max-image-preview":"max-image-preview:large","max-video-preview":"max-video-preview:-1"},"canonical":"https:\/\/zitromac.laperait.com\/fr\/produits\/jus-naturels\/jus-de-citron\/","og_locale":"fr_FR","og_type":"article","og_title":"JUS DE CITRON% % - D\u00e9veloppement de Zitromac% D\u00e9veloppement de Zitromac%.","og_description":"JUS DE CITRON Zitromac s\u00e9lectionne les meilleurs citrons pour la production de ses jus. Uniquement des fruits, sans additifs, sans sucre, sans \u00e9dulcorants. Voulez-vous les essayer ? Plus d&rsquo;informations DESCRIPTION PRESENTATION - Bouteille de 1 litre ou carafe de 5 litres. COULEUR - Jaune vif CONSOMMATION PR\u00c9F\u00c9R\u00c9E - 21 jours CONDITIONS DE STOCKAGE - R\u00e9frig\u00e9ration [&hellip;]","og_url":"https:\/\/zitromac.laperait.com\/fr\/produits\/jus-naturels\/jus-de-citron\/","og_site_name":"D\u00e9veloppement de Zitromac","article_publisher":"https:\/\/www.facebook.com\/ZitromacSolucionesCitricas#","article_modified_time":"2026-03-24T08:11:51+00:00","og_image":[{"width":1024,"height":1024,"url":"https:\/\/zitromac.laperait.com\/wp-content\/uploads\/2025\/10\/Limon_zumo.webp","type":"image\/webp"}],"twitter_card":"summary_large_image","twitter_misc":{"Dur\u00e9e de lecture estim\u00e9e":"1 minute"},"schema":{"@context":"https:\/\/schema.org","@graph":[{"@type":"WebPage","@id":"https:\/\/zitromac.laperait.com\/fr\/produits\/jus-naturels\/jus-de-citron\/","url":"https:\/\/zitromac.laperait.com\/fr\/produits\/jus-naturels\/jus-de-citron\/","name":"JUS DE CITRON% % - D\u00e9veloppement de Zitromac% D\u00e9veloppement de Zitromac%.","isPartOf":{"@id":"https:\/\/zitromac.laperait.com\/fr\/#website"},"primaryImageOfPage":{"@id":"https:\/\/zitromac.laperait.com\/fr\/produits\/jus-naturels\/jus-de-citron\/#primaryimage"},"image":{"@id":"https:\/\/zitromac.laperait.com\/fr\/produits\/jus-naturels\/jus-de-citron\/#primaryimage"},"thumbnailUrl":"https:\/\/zitromac.laperait.com\/wp-content\/uploads\/2025\/10\/Limon_zumo.webp","datePublished":"2025-11-17T11:22:54+00:00","dateModified":"2026-03-24T08:11:51+00:00","breadcrumb":{"@id":"https:\/\/zitromac.laperait.com\/fr\/produits\/jus-naturels\/jus-de-citron\/#breadcrumb"},"inLanguage":"fr-FR","potentialAction":[{"@type":"ReadAction","target":["https:\/\/zitromac.laperait.com\/fr\/produits\/jus-naturels\/jus-de-citron\/"]}]},{"@type":"ImageObject","inLanguage":"fr-FR","@id":"https:\/\/zitromac.laperait.com\/fr\/produits\/jus-naturels\/jus-de-citron\/#primaryimage","url":"https:\/\/zitromac.laperait.com\/wp-content\/uploads\/2025\/10\/Limon_zumo.webp","contentUrl":"https:\/\/zitromac.laperait.com\/wp-content\/uploads\/2025\/10\/Limon_zumo.webp","width":1024,"height":1024},{"@type":"BreadcrumbList","@id":"https:\/\/zitromac.laperait.com\/fr\/produits\/jus-naturels\/jus-de-citron\/#breadcrumb","itemListElement":[{"@type":"ListItem","position":1,"name":"Page d'accueil","item":"https:\/\/zitromac.laperait.com\/fr\/"},{"@type":"ListItem","position":2,"name":"Produits","item":"https:\/\/zitromac.laperait.com\/fr\/productos\/"},{"@type":"ListItem","position":3,"name":"Jus naturels","item":"https:\/\/zitromac.laperait.com\/fr\/productos\/zumos-naturales\/"},{"@type":"ListItem","position":4,"name":"JUS DE CITRON"}]},{"@type":"WebSite","@id":"https:\/\/zitromac.laperait.com\/fr\/#website","url":"https:\/\/zitromac.laperait.com\/fr\/","name":"Zitromac Desarrollo","description":"","publisher":{"@id":"https:\/\/zitromac.laperait.com\/fr\/#organization"},"potentialAction":[{"@type":"SearchAction","target":{"@type":"EntryPoint","urlTemplate":"https:\/\/zitromac.laperait.com\/fr\/?s={search_term_string}"},"query-input":{"@type":"PropertyValueSpecification","valueRequired":true,"valueName":"search_term_string"}}],"inLanguage":"fr-FR"},{"@type":"Organization","@id":"https:\/\/zitromac.laperait.com\/fr\/#organization","name":"D\u00e9veloppement de Zitromac","url":"https:\/\/zitromac.laperait.com\/fr\/","logo":{"@type":"ImageObject","inLanguage":"fr-FR","@id":"https:\/\/zitromac.laperait.com\/fr\/#\/schema\/logo\/image\/","url":"https:\/\/zitromac.laperait.com\/wp-content\/uploads\/2026\/01\/zitromac-logo-negro.png","contentUrl":"https:\/\/zitromac.laperait.com\/wp-content\/uploads\/2026\/01\/zitromac-logo-negro.png","width":860,"height":199,"caption":"D\u00e9veloppement de Zitromac"},"image":{"@id":"https:\/\/zitromac.laperait.com\/fr\/#\/schema\/logo\/image\/"},"sameAs":["https:\/\/www.facebook.com\/ZitromacSolucionesCitricas#","https:\/\/www.instagram.com\/zitromac_\/?hl=es"]}]}},"_links":{"self":[{"href":"https:\/\/zitromac.laperait.com\/fr\/wp-json\/wp\/v2\/pages\/17404","targetHints":{"allow":["GET"]}}],"collection":[{"href":"https:\/\/zitromac.laperait.com\/fr\/wp-json\/wp\/v2\/pages"}],"about":[{"href":"https:\/\/zitromac.laperait.com\/fr\/wp-json\/wp\/v2\/types\/page"}],"author":[{"embeddable":true,"href":"https:\/\/zitromac.laperait.com\/fr\/wp-json\/wp\/v2\/users\/2"}],"replies":[{"embeddable":true,"href":"https:\/\/zitromac.laperait.com\/fr\/wp-json\/wp\/v2\/comments?post=17404"}],"version-history":[{"count":2,"href":"https:\/\/zitromac.laperait.com\/fr\/wp-json\/wp\/v2\/pages\/17404\/revisions"}],"predecessor-version":[{"id":17407,"href":"https:\/\/zitromac.laperait.com\/fr\/wp-json\/wp\/v2\/pages\/17404\/revisions\/17407"}],"up":[{"embeddable":true,"href":"https:\/\/zitromac.laperait.com\/fr\/wp-json\/wp\/v2\/pages\/17348"}],"wp:featuredmedia":[{"embeddable":true,"href":"https:\/\/zitromac.laperait.com\/fr\/wp-json\/wp\/v2\/media\/17350"}],"wp:attachment":[{"href":"https:\/\/zitromac.laperait.com\/fr\/wp-json\/wp\/v2\/media?parent=17404"}],"wp:term":[{"taxonomy":"category","embeddable":true,"href":"https:\/\/zitromac.laperait.com\/fr\/wp-json\/wp\/v2\/categories?post=17404"}],"curies":[{"name":"wp","href":"https:\/\/api.w.org\/{rel}","templated":true}]}}